{"id":2050,"date":"2018-11-09T12:15:59","date_gmt":"2018-11-09T11:15:59","guid":{"rendered":"https:\/\/blog.spanishcourseinspain.com\/?page_id=2050\/"},"modified":"2018-11-09T16:48:17","modified_gmt":"2018-11-09T15:48:17","slug":"mega-oferta-dencanto-community","status":"publish","type":"page","link":"https:\/\/blog.spanishcourseinspain.com\/pl\/mega-oferta-dencanto-community\/","title":{"rendered":"Mega oferta Dencanto Community"},"content":{"rendered":"<h3 style=\"text-align: center;\"><strong>Mamy prezent dla naszych uczni\u00f3w. <\/strong><\/h3>\n<h3 style=\"text-align: center;\"><strong>Osoba, kt\u00f3ra pierwsza zarezerwuje z nami<\/strong><\/h3>\n<h3 style=\"text-align: center;\"><strong> intensywny kurs 20h tygodniowo <\/strong><\/h3>\n<h3 style=\"text-align: center;\"><strong>na termin od 19 do 23 listopada, <\/strong><\/h3>\n<h3 style=\"text-align: center;\"><strong>OTRZYMA W PREZENCIE ZAKWATEROWANIE <\/strong><\/h3>\n<h3 style=\"text-align: center;\"><strong>od 18 do 24 listopada 2018 <\/strong><\/h3>\n<h3 style=\"text-align: center;\"><strong>w Maladze, w Hiszpanii.<\/strong><\/h3>\n<p>Cena kursu (1 tydzie\u0144, 20h od 19 do 23 listopada) wynosi <strong>299<\/strong> <strong>euro!<\/strong><\/p>\n<h4>Szko\u0142a:<\/h4>\n<p>Szko\u0142a znajduje si\u0119 w samym centrum Malagi, w przepi\u0119knym, historycznym budynku. Liczy 24 sal lekcyjnych oraz sale przeznaczone do odpoczynku i integracji uczni\u00f3w. Posiada znak jako\u015bci Instytutu Cervantesa, co gwarantuje wysoki poziom nauczania. Nauczyciele s\u0105 rodowitymi Hiszpanami, wyspecjalizowanymi w nauczaniu j\u0119zyka hiszpa\u0144skiego jako j\u0119zyka obcego.<\/p>\n<p><a href=\"https:\/\/blog.spanishcourseinspain.com\/wp-content\/uploads\/2018\/11\/1.jpg\"><img loading=\"lazy\" decoding=\"async\" class=\"aligncenter wp-image-1925 size-full\" src=\"https:\/\/blog.spanishcourseinspain.com\/wp-content\/uploads\/2018\/11\/1.jpg\" alt=\"\" width=\"909\" height=\"197\" srcset=\"https:\/\/blog.spanishcourseinspain.com\/wp-content\/uploads\/2018\/11\/1.jpg 909w, https:\/\/blog.spanishcourseinspain.com\/wp-content\/uploads\/2018\/11\/1-300x65.jpg 300w, https:\/\/blog.spanishcourseinspain.com\/wp-content\/uploads\/2018\/11\/1-768x166.jpg 768w\" sizes=\"auto, (max-width: 909px) 100vw, 909px\" \/><\/a><\/p>\n<h4>Kurs:<\/h4>\n<p>Intensywny kurs j\u0119zyka hiszpa\u0144skiego sk\u0142ada si\u0119 z 20 lekcji tygodniowo (4 godziny lekcyjne od poniedzia\u0142ku do pi\u0105tku) w grupie. Grupy dzielone s\u0105 wed\u0142ug poziomu uczni\u00f3w, a maksymalna liczba os\u00f3b w grupie to 10.<\/p>\n<h4>Zakwaterowanie:<\/h4>\n<p>Mieszkanie dzielone z innymi uczniami znajduje si\u0119 10 minut pieszo od szko\u0142y, zaraz przy jednej z g\u0142\u00f3wnych ulic centrum Malagi<\/p>\n<p><a href=\"https:\/\/blog.spanishcourseinspain.com\/wp-content\/uploads\/2018\/11\/22.jpg\"><img loading=\"lazy\" decoding=\"async\" class=\"aligncenter wp-image-1972\" src=\"https:\/\/blog.spanishcourseinspain.com\/wp-content\/uploads\/2018\/11\/22.jpg\" alt=\"\" width=\"909\" height=\"200\" srcset=\"https:\/\/blog.spanishcourseinspain.com\/wp-content\/uploads\/2018\/11\/22.jpg 902w, https:\/\/blog.spanishcourseinspain.com\/wp-content\/uploads\/2018\/11\/22-300x66.jpg 300w, https:\/\/blog.spanishcourseinspain.com\/wp-content\/uploads\/2018\/11\/22-768x169.jpg 768w\" sizes=\"auto, (max-width: 909px) 100vw, 909px\" \/><\/a><\/p>\n<h4>Warunki oferty:<\/h4>\n<ul>\n<li>Aby wzi\u0105\u0107 udzia\u0142 w ofercie i dokona\u0107 rezerwacji nale\u017cy mie\u0107 uko\u0144czone 18 lat.<\/li>\n<li>Oferta wa\u017cna dla pierwszej osoby, kt\u00f3ra zarezerwuje kurs wysy\u0142aj\u0105c nam email ze swoimi danymi na adres: info@dencantocommunity.com lub wype\u0142ni formularz znajduj\u0105cy si\u0119 poni\u017cej.<\/li>\n<li>Nale\u017cy \u015bledzi\u0107 nas na naszych portalach spo\u0142eczno\u015bciowych\u00a0<strong><a href=\"http:\/\/www.facebook.com\/dencanto.community\">Facebook<\/a><\/strong> i <a href=\"https:\/\/www.instagram.com\/dencanto.community\/\"><strong>Instagram.<\/strong><\/a><\/li>\n<li>Po otrzymaniu pierwszego maila Dencanto Community skontaktuje si\u0119 ze zwyciezc\u0105. Nast\u0119pnie, aby dokona\u0107 rezerwacji zwyci\u0119zca otrzyma formularz rejestracyjny do wype\u0142nienia, kt\u00f3ry nale\u017cy odes\u0142a\u0107 na adres: info@dencantocommunity.com wraz z potwierdzeniem p\u0142atno\u015bci za kurs w wysoko\u015bci 299\u20ac.<\/li>\n<li>W przypadku je\u015bli zwyci\u0119zca nie b\u0119dzie m\u00f3g\u0142 zrealizowa\u0107 podr\u00f3\u017cy, oferta przechodzi na kolejn\u0105 osob\u0119, kt\u00f3ra w kolejno\u015bci skontaktowa\u0142a si\u0119 z nami.<\/li>\n<li>W cenie 299\u20ac zawarty jest: Intensywny kurs j\u0119zyka hiszpa\u0144skiego w Maladze, w Hiszpanii (20 godzin lekcyjnych na tydzie\u0144, lekcje od poniedzia\u0142ku do pi\u0105tku) w terminie od 19 do 23 listopada, koszt zapisu na kurs oraz materia\u0142y edukacyjne.<\/li>\n<li>Zakwaterowanie oferowane jest gratis w terminie od 18 do 24 listopada i zawiera: pok\u00f3j indywidualny w mieszkaniu dzielonym z innymi uczniami.<\/li>\n<li>W dniu przyjazdu zostanie pobrana kaucja w wysoko\u015bci 150\u20ac, zwrotna po zako\u0144czeniu pobytu i po sprawdzeniu czy w miejscu zakwaterowania nie dosz\u0142o do \u017cadnych szk\u00f3d.<\/li>\n<li>Cena biletu lotniczego, wizy lub jakiekolwiek inne koszty nie s\u0105 wliczone w ofert\u0119.<\/li>\n<li>Zapisanie si\u0119 na ofert\u0119 i przes\u0142anie danych, oznacza zaakceptowanie warunk\u00f3w og\u00f3lnych oraz polityk\u0119 prywatno\u015bci, opisane w formularzu rejestracyjnym.<\/li>\n<\/ul>\n<p><b>WYPE\u0141NIJ FORMULARZ, ABY WZI\u0104\u0106 UDZIA\u0141 W OFERCIE<\/b><\/p>\n<p class=\"wpcf7-contact-form-not-found\"><strong>B\u0142\u0105d:<\/strong> Brak formularza kontaktowego.<\/p>\n","protected":false},"excerpt":{"rendered":"<p>Mamy prezent dla naszych uczni\u00f3w. Osoba, kt\u00f3ra pierwsza zarezerwuje z nami intensywny kurs 20h tygodniowo na termin od 19 do 23 listopada, OTRZYMA W PREZENCIE ZAKWATEROWANIE od 18 do 24 listopada 2018 w Maladze, w Hiszpanii. Cena kursu (1 tydzie\u0144, 20h od 19 do 23 listopada) wynosi 299 euro! Szko\u0142a: Szko\u0142a znajduje si\u0119 w samym [&hellip;]<\/p>\n","protected":false},"author":6,"featured_media":14400,"parent":0,"menu_order":0,"comment_status":"closed","ping_status":"closed","template":"","meta":{"_et_pb_use_builder":"","_et_pb_old_content":"","_et_gb_content_width":"","_joinchat":[],"footnotes":""},"class_list":["post-2050","page","type-page","status-publish","has-post-thumbnail","hentry"],"translation":{"provider":"WPGlobus","version":"3.0.2","language":"pl","enabled_languages":["es","en","it","pl"],"languages":{"es":{"title":true,"content":true,"excerpt":false},"en":{"title":false,"content":false,"excerpt":false},"it":{"title":false,"content":false,"excerpt":false},"pl":{"title":false,"content":false,"excerpt":false}}},"yoast_head":"<!-- This site is optimized with the Yoast SEO plugin v27.5 - https:\/\/yoast.com\/product\/yoast-seo-wordpress\/ -->\n<title>Mega oferta Dencanto Community - Dencanto Community<\/title>\n<meta name=\"robots\" content=\"index, follow, max-snippet:-1, max-image-preview:large, max-video-preview:-1\" \/>\n<link rel=\"canonical\" href=\"https:\/\/blog.spanishcourseinspain.com\/pl\/mega-oferta-dencanto-community\/\" \/>\n<meta property=\"og:locale\" content=\"pl_PL\" \/>\n<meta property=\"og:type\" content=\"article\" \/>\n<meta property=\"og:title\" content=\"Mega oferta Dencanto Community - Dencanto Community\" \/>\n<meta property=\"og:url\" content=\"https:\/\/blog.spanishcourseinspain.com\/pl\/mega-oferta-dencanto-community\/\" \/>\n<meta property=\"og:site_name\" content=\"Dencanto Community\" \/>\n<meta property=\"article:modified_time\" content=\"2018-11-09T15:48:17+00:00\" \/>\n<meta property=\"og:image\" content=\"https:\/\/blog.spanishcourseinspain.com\/wp-content\/uploads\/2018\/11\/1.jpg\" \/>\n<meta name=\"twitter:label1\" content=\"Szacowany czas czytania\" \/>\n\t<meta name=\"twitter:data1\" content=\"2 minuty\" \/>\n<script type=\"application\/ld+json\" class=\"yoast-schema-graph\">{\"@context\":\"https:\\\/\\\/schema.org\",\"@graph\":[{\"@type\":\"WebPage\",\"@id\":\"https:\\\/\\\/blog.spanishcourseinspain.com\\\/pl\\\/mega-oferta-dencanto-community\\\/\",\"url\":\"https:\\\/\\\/blog.spanishcourseinspain.com\\\/pl\\\/mega-oferta-dencanto-community\\\/\",\"name\":\"Mega oferta Dencanto Community - Dencanto Community\",\"isPartOf\":{\"@id\":\"https:\\\/\\\/blog.spanishcourseinspain.com\\\/en\\\/#website\"},\"primaryImageOfPage\":{\"@id\":\"https:\\\/\\\/blog.spanishcourseinspain.com\\\/pl\\\/mega-oferta-dencanto-community\\\/#primaryimage\"},\"image\":{\"@id\":\"https:\\\/\\\/blog.spanishcourseinspain.com\\\/pl\\\/mega-oferta-dencanto-community\\\/#primaryimage\"},\"thumbnailUrl\":\"https:\\\/\\\/blog.spanishcourseinspain.com\\\/wp-content\\\/uploads\\\/2018\\\/11\\\/sea.jpg\",\"datePublished\":\"2018-11-09T11:15:59+00:00\",\"dateModified\":\"2018-11-09T15:48:17+00:00\",\"breadcrumb\":{\"@id\":\"https:\\\/\\\/blog.spanishcourseinspain.com\\\/pl\\\/mega-oferta-dencanto-community\\\/#breadcrumb\"},\"inLanguage\":\"pl-PL\",\"potentialAction\":[{\"@type\":\"ReadAction\",\"target\":[\"https:\\\/\\\/blog.spanishcourseinspain.com\\\/pl\\\/mega-oferta-dencanto-community\\\/\"]}]},{\"@type\":\"ImageObject\",\"inLanguage\":\"pl-PL\",\"@id\":\"https:\\\/\\\/blog.spanishcourseinspain.com\\\/pl\\\/mega-oferta-dencanto-community\\\/#primaryimage\",\"url\":\"https:\\\/\\\/blog.spanishcourseinspain.com\\\/wp-content\\\/uploads\\\/2018\\\/11\\\/sea.jpg\",\"contentUrl\":\"https:\\\/\\\/blog.spanishcourseinspain.com\\\/wp-content\\\/uploads\\\/2018\\\/11\\\/sea.jpg\",\"width\":804,\"height\":397},{\"@type\":\"BreadcrumbList\",\"@id\":\"https:\\\/\\\/blog.spanishcourseinspain.com\\\/pl\\\/mega-oferta-dencanto-community\\\/#breadcrumb\",\"itemListElement\":[{\"@type\":\"ListItem\",\"position\":1,\"name\":\"Portada\",\"item\":\"https:\\\/\\\/blog.spanishcourseinspain.com\\\/pl\\\/\"},{\"@type\":\"ListItem\",\"position\":2,\"name\":\"Mega oferta Dencanto Community\"}]},{\"@type\":\"WebSite\",\"@id\":\"https:\\\/\\\/blog.spanishcourseinspain.com\\\/en\\\/#website\",\"url\":\"https:\\\/\\\/blog.spanishcourseinspain.com\\\/en\\\/\",\"name\":\"Dencanto Community\",\"description\":\"Lo mejor contenido sobre espa\u00f1ol y Espa\u00f1a en el Blog de Dencanto Community\",\"publisher\":{\"@id\":\"https:\\\/\\\/blog.spanishcourseinspain.com\\\/en\\\/#organization\"},\"potentialAction\":[{\"@type\":\"SearchAction\",\"target\":{\"@type\":\"EntryPoint\",\"urlTemplate\":\"https:\\\/\\\/blog.spanishcourseinspain.com\\\/en\\\/?s={search_term_string}\"},\"query-input\":{\"@type\":\"PropertyValueSpecification\",\"valueRequired\":true,\"valueName\":\"search_term_string\"}}],\"inLanguage\":\"pl-PL\"},{\"@type\":\"Organization\",\"@id\":\"https:\\\/\\\/blog.spanishcourseinspain.com\\\/en\\\/#organization\",\"name\":\"Dencanto Community\",\"url\":\"https:\\\/\\\/blog.spanishcourseinspain.com\\\/en\\\/\",\"logo\":{\"@type\":\"ImageObject\",\"inLanguage\":\"pl-PL\",\"@id\":\"https:\\\/\\\/blog.spanishcourseinspain.com\\\/en\\\/#\\\/schema\\\/logo\\\/image\\\/\",\"url\":\"https:\\\/\\\/blog.spanishcourseinspain.com\\\/wp-content\\\/uploads\\\/2023\\\/11\\\/dencanto-logo.png\",\"contentUrl\":\"https:\\\/\\\/blog.spanishcourseinspain.com\\\/wp-content\\\/uploads\\\/2023\\\/11\\\/dencanto-logo.png\",\"width\":780,\"height\":528,\"caption\":\"Dencanto Community\"},\"image\":{\"@id\":\"https:\\\/\\\/blog.spanishcourseinspain.com\\\/en\\\/#\\\/schema\\\/logo\\\/image\\\/\"}}]}<\/script>\n<!-- \/ Yoast SEO plugin. -->","yoast_head_json":{"title":"Mega oferta Dencanto Community - Dencanto Community","robots":{"index":"index","follow":"follow","max-snippet":"max-snippet:-1","max-image-preview":"max-image-preview:large","max-video-preview":"max-video-preview:-1"},"canonical":"https:\/\/blog.spanishcourseinspain.com\/pl\/mega-oferta-dencanto-community\/","og_locale":"pl_PL","og_type":"article","og_title":"Mega oferta Dencanto Community - Dencanto Community","og_url":"https:\/\/blog.spanishcourseinspain.com\/pl\/mega-oferta-dencanto-community\/","og_site_name":"Dencanto Community","article_modified_time":"2018-11-09T15:48:17+00:00","og_image":[{"url":"https:\/\/blog.spanishcourseinspain.com\/wp-content\/uploads\/2018\/11\/1.jpg","type":"","width":"","height":""}],"twitter_misc":{"Szacowany czas czytania":"2 minuty"},"schema":{"@context":"https:\/\/schema.org","@graph":[{"@type":"WebPage","@id":"https:\/\/blog.spanishcourseinspain.com\/pl\/mega-oferta-dencanto-community\/","url":"https:\/\/blog.spanishcourseinspain.com\/pl\/mega-oferta-dencanto-community\/","name":"Mega oferta Dencanto Community - Dencanto Community","isPartOf":{"@id":"https:\/\/blog.spanishcourseinspain.com\/en\/#website"},"primaryImageOfPage":{"@id":"https:\/\/blog.spanishcourseinspain.com\/pl\/mega-oferta-dencanto-community\/#primaryimage"},"image":{"@id":"https:\/\/blog.spanishcourseinspain.com\/pl\/mega-oferta-dencanto-community\/#primaryimage"},"thumbnailUrl":"https:\/\/blog.spanishcourseinspain.com\/wp-content\/uploads\/2018\/11\/sea.jpg","datePublished":"2018-11-09T11:15:59+00:00","dateModified":"2018-11-09T15:48:17+00:00","breadcrumb":{"@id":"https:\/\/blog.spanishcourseinspain.com\/pl\/mega-oferta-dencanto-community\/#breadcrumb"},"inLanguage":"pl-PL","potentialAction":[{"@type":"ReadAction","target":["https:\/\/blog.spanishcourseinspain.com\/pl\/mega-oferta-dencanto-community\/"]}]},{"@type":"ImageObject","inLanguage":"pl-PL","@id":"https:\/\/blog.spanishcourseinspain.com\/pl\/mega-oferta-dencanto-community\/#primaryimage","url":"https:\/\/blog.spanishcourseinspain.com\/wp-content\/uploads\/2018\/11\/sea.jpg","contentUrl":"https:\/\/blog.spanishcourseinspain.com\/wp-content\/uploads\/2018\/11\/sea.jpg","width":804,"height":397},{"@type":"BreadcrumbList","@id":"https:\/\/blog.spanishcourseinspain.com\/pl\/mega-oferta-dencanto-community\/#breadcrumb","itemListElement":[{"@type":"ListItem","position":1,"name":"Portada","item":"https:\/\/blog.spanishcourseinspain.com\/pl\/"},{"@type":"ListItem","position":2,"name":"Mega oferta Dencanto Community"}]},{"@type":"WebSite","@id":"https:\/\/blog.spanishcourseinspain.com\/en\/#website","url":"https:\/\/blog.spanishcourseinspain.com\/en\/","name":"Dencanto Community","description":"Lo mejor contenido sobre espa\u00f1ol y Espa\u00f1a en el Blog de Dencanto Community","publisher":{"@id":"https:\/\/blog.spanishcourseinspain.com\/en\/#organization"},"potentialAction":[{"@type":"SearchAction","target":{"@type":"EntryPoint","urlTemplate":"https:\/\/blog.spanishcourseinspain.com\/en\/?s={search_term_string}"},"query-input":{"@type":"PropertyValueSpecification","valueRequired":true,"valueName":"search_term_string"}}],"inLanguage":"pl-PL"},{"@type":"Organization","@id":"https:\/\/blog.spanishcourseinspain.com\/en\/#organization","name":"Dencanto Community","url":"https:\/\/blog.spanishcourseinspain.com\/en\/","logo":{"@type":"ImageObject","inLanguage":"pl-PL","@id":"https:\/\/blog.spanishcourseinspain.com\/en\/#\/schema\/logo\/image\/","url":"https:\/\/blog.spanishcourseinspain.com\/wp-content\/uploads\/2023\/11\/dencanto-logo.png","contentUrl":"https:\/\/blog.spanishcourseinspain.com\/wp-content\/uploads\/2023\/11\/dencanto-logo.png","width":780,"height":528,"caption":"Dencanto Community"},"image":{"@id":"https:\/\/blog.spanishcourseinspain.com\/en\/#\/schema\/logo\/image\/"}}]}},"jetpack_sharing_enabled":true,"_links":{"self":[{"href":"https:\/\/blog.spanishcourseinspain.com\/pl\/wp-json\/wp\/v2\/pages\/2050","targetHints":{"allow":["GET"]}}],"collection":[{"href":"https:\/\/blog.spanishcourseinspain.com\/pl\/wp-json\/wp\/v2\/pages"}],"about":[{"href":"https:\/\/blog.spanishcourseinspain.com\/pl\/wp-json\/wp\/v2\/types\/page"}],"author":[{"embeddable":true,"href":"https:\/\/blog.spanishcourseinspain.com\/pl\/wp-json\/wp\/v2\/users\/6"}],"replies":[{"embeddable":true,"href":"https:\/\/blog.spanishcourseinspain.com\/pl\/wp-json\/wp\/v2\/comments?post=2050"}],"version-history":[{"count":8,"href":"https:\/\/blog.spanishcourseinspain.com\/pl\/wp-json\/wp\/v2\/pages\/2050\/revisions"}],"predecessor-version":[{"id":2119,"href":"https:\/\/blog.spanishcourseinspain.com\/pl\/wp-json\/wp\/v2\/pages\/2050\/revisions\/2119"}],"wp:featuredmedia":[{"embeddable":true,"href":"https:\/\/blog.spanishcourseinspain.com\/pl\/wp-json\/wp\/v2\/media\/14400"}],"wp:attachment":[{"href":"https:\/\/blog.spanishcourseinspain.com\/pl\/wp-json\/wp\/v2\/media?parent=2050"}],"curies":[{"name":"wp","href":"https:\/\/api.w.org\/{rel}","templated":true}]}}