{"id":2740,"date":"2020-03-04T10:30:03","date_gmt":"2020-03-04T09:30:03","guid":{"rendered":"https:\/\/blog.spanishcourseinspain.com\/?page_id=2740\/"},"modified":"2020-03-16T18:18:18","modified_gmt":"2020-03-16T17:18:18","slug":"okragly-stol-ele","status":"publish","type":"page","link":"https:\/\/blog.spanishcourseinspain.com\/pl\/okragly-stol-ele\/","title":{"rendered":"Okr\u0105g\u0142y   St\u00f3\u0142   #ELE"},"content":{"rendered":"<p style=\"text-align: center;\"><strong>Jeste\u015b nauczycielem hiszpa\u0144skiego?<\/strong><\/p>\n<p style=\"text-align: center;\"><strong>Czujesz pasj\u0119 do swojej pracy i lubisz wychodzi\u0107 poza tradycyjne metody nauczania?<\/strong><\/p>\n<p style=\"text-align: center;\"><strong>Chcesz pozna\u0107 ekspert\u00f3w w swoim zawodzie i wymieni\u0107 si\u0119 do\u015bwiadczeniem?<\/strong><\/p>\n<p>&nbsp;<\/p>\n<h2 style=\"text-align: center;\"><strong>SZUKAMY OS\u00d3B TAKICH JAK TY!<\/strong><\/h2>\n<p style=\"text-align: justify;\">Dnia 18 kwietnia 2020 r. Dencanto Community organizuje we wsp\u00f3\u0142pracy z CLIC International House, wydawnictwem Difusi\u00f3n i Instytutem Cervantes w Warszawie jedyne w swoim rodzaju wydarzenie dla nauczycieli j\u0119zyka hiszpa\u0144skiego w Polsce.<\/p>\n<p style=\"text-align: justify;\">Wydarzenie <strong>#FuturoELE2020<\/strong> jest po\u015bwi\u0119cone nowym technologiom i ich innowacyjnym zastosowaniu w dziedzinie nauki j\u0119zyk\u00f3w obcych.<br \/>\n#FuturoELE to przede wszystkim miejsce w kt\u00f3rym nauczyciele z ca\u0142ej Polski maj\u0105 okazj\u0119 podzieli\u0107 si\u0119 (podczas co\u0142odniowego spotkania) swoimi do\u015bwiadczeniami, poradami, sukcesami, wyzwaniami i praktykami. Wymiana do\u015bwiadczenia ma na celu stworzenie dialogu, kt\u00f3ry pomo\u017ce zmodernizowa\u0107 aktualne metody nauczania j\u0119zyka hiszpa\u0144skiego w Polsce.<\/p>\n<p style=\"text-align: justify;\">Podczas wydarzenia b\u0119d\u0105 organizowane warsztaty w <strong>100% praktyczne<\/strong>, a tak\u017ce prezentacje z najlepszymi wyk\u0142adowcami z Hiszpanii. Jednym z g\u0142\u00f3wnych punkt\u00f3w programu jest r\u00f3wnie\u017c okr\u0105g\u0142y st\u00f3\u0142, podczas kt\u00f3rego nauczyciele b\u0119d\u0105 mieli okazje przedyskutowa\u0107 najnowsze tendencje i aktualne metody nauczania j\u0119zyka hiszpa\u0144skiego.<\/p>\n<p style=\"text-align: justify;\">Szukamy najbardziej <strong>innowacyjnych projekt\u00f3w edukacyjnych z ca\u0142ej Polski<\/strong>, kt\u00f3re zainspiruj\u0105 innych nauczycieli i pomog\u0105 stworzy\u0107 coroczne miejsce spotka\u0144, dedykowane innowacyjnym metodom nauki hiszpa\u0144skiego.<\/p>\n<p style=\"text-align: justify;\">Je\u015bli chcesz wzi\u0105\u0107 udzia\u0142 w okr\u0105g\u0142ym stole i podzieli\u0107 si\u0119 z nami swoimi pomys\u0142ami, skontaktuj si\u0119 z nami i z przyjemno\u015bci\u0105 wyja\u015bnimy Ci wszystkie szczeg\u00f3\u0142y. Ze wszystkich zg\u0142osze\u0144 zostan\u0105 wybrane <strong>3 najlepsze projekty<\/strong>.<\/p>\n<p>&nbsp;<\/p>\n<h2 style=\"text-align: center;\"><strong>Zalety uczestnictwa w okr\u0105g\u0142ym stole!<\/strong><\/h2>\n<p style=\"text-align: justify;\">Jako uczestnik okr\u0105g\u0142ego sto\u0142u b\u0119dziesz mia\u0142 okazj\u0119 skorzysta\u0107 z wydarzenia za darmo. Dodatkowo, pomo\u017cemy Ci przygotowa\u0107 prezentacj\u0119, otrzymasz darmowy dost\u0119p do platformy elektronicznej \u201ecampus difusi\u00f3n\u201d, certyfikat uczestnictwa oraz uznanie i renom\u0119 jako jeden z najbardziej innowacyjnych nauczycieli hiszpa\u0144skiego w Polsce.<\/p>\n<p style=\"text-align: justify;\">Brzmi zach\u0119caj\u0105co, prawda? Wy\u015blij nam wiadomo\u015b\u0107 ju\u017c teraz i przy\u0142\u0105cz si\u0119 do ELE nowej generacji.<\/p>\n<p style=\"text-align: center;\"><strong>Wype\u0142nij formularz<\/strong><\/p>\n<p style=\"text-align: center;\"><p class=\"wpcf7-contact-form-not-found\"><strong>B\u0142\u0105d:<\/strong> Brak formularza kontaktowego.<\/p>\n<p>&nbsp;<\/p>\n<hr \/>\n<p style=\"text-align: justify;\"><span style=\"color: #ff0000;\"><strong>PILNE. KOMUNIKAT COVI-19:<\/strong> <\/span>z uwagi na wyj\u0105tkow\u0105 sytuacj\u0119, kt\u00f3ra ma miejsce na ca\u0142ym \u015bwiecie przez rozprzestrzenienie si\u0119 koronawirusa Covid-19 i przestrzegaj\u0105c wprowadzonych restrykcji przez organizmy sanitarne, w szczeg\u00f3lno\u015bci WHO, je\u015bli chodzi o ruch os\u00f3b oraz organizacj\u0119 spotka\u0144 i wydarze\u0144 czujemy si\u0119 zobowi\u0105zani do zakomunikowania Pa\u0144stwu i\u017c wydarzenie zostaje przesuni\u0119te na termin, kt\u00f3ry podamy po otrzymaniu nowych instrukcji rz\u0105dowych. Nadal jednak zbieramy zg\u0142oszenia oraz analizujemy wszystkie otrzymane projekty, tak aby po rozwi\u0105zaniu ca\u0142ej sytuacji m\u00f3c kontynuowa\u0107 nasz\u0105 prac\u0119 i przygotowania do wydarzenia. \u017byczymy wszystkim du\u017co zdrowia i pogody ducha. Wsp\u00f3lnie przezwyci\u0119\u017cymy wszystko!<\/p>\n<hr \/>\n<p>&nbsp;<\/p>\n","protected":false},"excerpt":{"rendered":"<p>Jeste\u015b nauczycielem hiszpa\u0144skiego? Czujesz pasj\u0119 do swojej pracy i lubisz wychodzi\u0107 poza tradycyjne metody nauczania? Chcesz pozna\u0107 ekspert\u00f3w w swoim zawodzie i wymieni\u0107 si\u0119 do\u015bwiadczeniem? &nbsp; SZUKAMY OS\u00d3B TAKICH JAK TY! Dnia 18 kwietnia 2020 r. Dencanto Community organizuje we wsp\u00f3\u0142pracy z CLIC International House, wydawnictwem Difusi\u00f3n i Instytutem Cervantes w Warszawie jedyne w swoim [&hellip;]<\/p>\n","protected":false},"author":4,"featured_media":2780,"parent":0,"menu_order":0,"comment_status":"closed","ping_status":"closed","template":"","meta":{"_et_pb_use_builder":"","_et_pb_old_content":"","_et_gb_content_width":"","_joinchat":[],"footnotes":""},"class_list":["post-2740","page","type-page","status-publish","has-post-thumbnail","hentry"],"translation":{"provider":"WPGlobus","version":"3.0.2","language":"pl","enabled_languages":["es","en","it","pl"],"languages":{"es":{"title":true,"content":true,"excerpt":false},"en":{"title":false,"content":false,"excerpt":false},"it":{"title":false,"content":false,"excerpt":false},"pl":{"title":false,"content":false,"excerpt":false}}},"yoast_head":"<!-- This site is optimized with the Yoast SEO plugin v27.6 - https:\/\/yoast.com\/product\/yoast-seo-wordpress\/ -->\n<title>Okr\u0105g\u0142y  St\u00f3\u0142  #ELE - Dencanto Community<\/title>\n<meta name=\"robots\" content=\"index, follow, max-snippet:-1, max-image-preview:large, max-video-preview:-1\" \/>\n<link rel=\"canonical\" href=\"https:\/\/blog.spanishcourseinspain.com\/pl\/okragly-stol-ele\/\" \/>\n<meta property=\"og:locale\" content=\"pl_PL\" \/>\n<meta property=\"og:type\" content=\"article\" \/>\n<meta property=\"og:title\" content=\"Okr\u0105g\u0142y  St\u00f3\u0142  #ELE - Dencanto Community\" \/>\n<meta property=\"og:url\" content=\"https:\/\/blog.spanishcourseinspain.com\/pl\/okragly-stol-ele\/\" \/>\n<meta property=\"og:site_name\" content=\"Dencanto Community\" \/>\n<meta property=\"article:modified_time\" content=\"2020-03-16T17:18:18+00:00\" \/>\n<meta property=\"og:image\" content=\"https:\/\/blog.spanishcourseinspain.com\/wp-content\/uploads\/2020\/03\/mesaredonda2020.jpg\" \/>\n\t<meta property=\"og:image:width\" content=\"2500\" \/>\n\t<meta property=\"og:image:height\" content=\"1678\" \/>\n\t<meta property=\"og:image:type\" content=\"image\/jpeg\" \/>\n<meta name=\"twitter:label1\" content=\"Szacowany czas czytania\" \/>\n\t<meta name=\"twitter:data1\" content=\"2 minuty\" \/>\n<script type=\"application\/ld+json\" class=\"yoast-schema-graph\">{\"@context\":\"https:\\\/\\\/schema.org\",\"@graph\":[{\"@type\":\"WebPage\",\"@id\":\"https:\\\/\\\/blog.spanishcourseinspain.com\\\/pl\\\/okragly-stol-ele\\\/\",\"url\":\"https:\\\/\\\/blog.spanishcourseinspain.com\\\/pl\\\/okragly-stol-ele\\\/\",\"name\":\"Okr\u0105g\u0142y St\u00f3\u0142 #ELE - Dencanto Community\",\"isPartOf\":{\"@id\":\"https:\\\/\\\/blog.spanishcourseinspain.com\\\/en\\\/#website\"},\"primaryImageOfPage\":{\"@id\":\"https:\\\/\\\/blog.spanishcourseinspain.com\\\/pl\\\/okragly-stol-ele\\\/#primaryimage\"},\"image\":{\"@id\":\"https:\\\/\\\/blog.spanishcourseinspain.com\\\/pl\\\/okragly-stol-ele\\\/#primaryimage\"},\"thumbnailUrl\":\"https:\\\/\\\/blog.spanishcourseinspain.com\\\/wp-content\\\/uploads\\\/2020\\\/03\\\/mesaredonda2020.jpg\",\"datePublished\":\"2020-03-04T09:30:03+00:00\",\"dateModified\":\"2020-03-16T17:18:18+00:00\",\"description\":\"Szukamy najbardziej innowacyjnych projekt\u00f3w edukacyjnych z ca\u0142ej Polski, kt\u00f3re zainspiruj\u0105 innych nauczycieli i pomog\u0105 stworzy\u0107 coroczne miejsce spotka\u0144.\",\"breadcrumb\":{\"@id\":\"https:\\\/\\\/blog.spanishcourseinspain.com\\\/pl\\\/okragly-stol-ele\\\/#breadcrumb\"},\"inLanguage\":\"pl-PL\",\"potentialAction\":[{\"@type\":\"ReadAction\",\"target\":[\"https:\\\/\\\/blog.spanishcourseinspain.com\\\/pl\\\/okragly-stol-ele\\\/\"]}]},{\"@type\":\"ImageObject\",\"inLanguage\":\"pl-PL\",\"@id\":\"https:\\\/\\\/blog.spanishcourseinspain.com\\\/pl\\\/okragly-stol-ele\\\/#primaryimage\",\"url\":\"https:\\\/\\\/blog.spanishcourseinspain.com\\\/wp-content\\\/uploads\\\/2020\\\/03\\\/mesaredonda2020.jpg\",\"contentUrl\":\"https:\\\/\\\/blog.spanishcourseinspain.com\\\/wp-content\\\/uploads\\\/2020\\\/03\\\/mesaredonda2020.jpg\",\"width\":2500,\"height\":1678},{\"@type\":\"BreadcrumbList\",\"@id\":\"https:\\\/\\\/blog.spanishcourseinspain.com\\\/pl\\\/okragly-stol-ele\\\/#breadcrumb\",\"itemListElement\":[{\"@type\":\"ListItem\",\"position\":1,\"name\":\"Portada\",\"item\":\"https:\\\/\\\/blog.spanishcourseinspain.com\\\/pl\\\/\"},{\"@type\":\"ListItem\",\"position\":2,\"name\":\"Okr\u0105g\u0142y St\u00f3\u0142 #ELE\"}]},{\"@type\":\"WebSite\",\"@id\":\"https:\\\/\\\/blog.spanishcourseinspain.com\\\/en\\\/#website\",\"url\":\"https:\\\/\\\/blog.spanishcourseinspain.com\\\/en\\\/\",\"name\":\"Dencanto Community\",\"description\":\"Lo mejor contenido sobre espa\u00f1ol y Espa\u00f1a en el Blog de Dencanto Community\",\"publisher\":{\"@id\":\"https:\\\/\\\/blog.spanishcourseinspain.com\\\/en\\\/#organization\"},\"potentialAction\":[{\"@type\":\"SearchAction\",\"target\":{\"@type\":\"EntryPoint\",\"urlTemplate\":\"https:\\\/\\\/blog.spanishcourseinspain.com\\\/en\\\/?s={search_term_string}\"},\"query-input\":{\"@type\":\"PropertyValueSpecification\",\"valueRequired\":true,\"valueName\":\"search_term_string\"}}],\"inLanguage\":\"pl-PL\"},{\"@type\":\"Organization\",\"@id\":\"https:\\\/\\\/blog.spanishcourseinspain.com\\\/en\\\/#organization\",\"name\":\"Dencanto Community\",\"url\":\"https:\\\/\\\/blog.spanishcourseinspain.com\\\/en\\\/\",\"logo\":{\"@type\":\"ImageObject\",\"inLanguage\":\"pl-PL\",\"@id\":\"https:\\\/\\\/blog.spanishcourseinspain.com\\\/en\\\/#\\\/schema\\\/logo\\\/image\\\/\",\"url\":\"https:\\\/\\\/blog.spanishcourseinspain.com\\\/wp-content\\\/uploads\\\/2023\\\/11\\\/dencanto-logo.png\",\"contentUrl\":\"https:\\\/\\\/blog.spanishcourseinspain.com\\\/wp-content\\\/uploads\\\/2023\\\/11\\\/dencanto-logo.png\",\"width\":780,\"height\":528,\"caption\":\"Dencanto Community\"},\"image\":{\"@id\":\"https:\\\/\\\/blog.spanishcourseinspain.com\\\/en\\\/#\\\/schema\\\/logo\\\/image\\\/\"}}]}<\/script>\n<!-- \/ Yoast SEO plugin. -->","yoast_head_json":{"title":"Okr\u0105g\u0142y  St\u00f3\u0142  #ELE - Dencanto Community","robots":{"index":"index","follow":"follow","max-snippet":"max-snippet:-1","max-image-preview":"max-image-preview:large","max-video-preview":"max-video-preview:-1"},"canonical":"https:\/\/blog.spanishcourseinspain.com\/pl\/okragly-stol-ele\/","og_locale":"pl_PL","og_type":"article","og_title":"Okr\u0105g\u0142y  St\u00f3\u0142  #ELE - Dencanto Community","og_url":"https:\/\/blog.spanishcourseinspain.com\/pl\/okragly-stol-ele\/","og_site_name":"Dencanto Community","article_modified_time":"2020-03-16T17:18:18+00:00","og_image":[{"width":2500,"height":1678,"url":"https:\/\/blog.spanishcourseinspain.com\/wp-content\/uploads\/2020\/03\/mesaredonda2020.jpg","type":"image\/jpeg"}],"twitter_misc":{"Szacowany czas czytania":"2 minuty"},"schema":{"@context":"https:\/\/schema.org","@graph":[{"@type":"WebPage","@id":"https:\/\/blog.spanishcourseinspain.com\/pl\/okragly-stol-ele\/","url":"https:\/\/blog.spanishcourseinspain.com\/pl\/okragly-stol-ele\/","name":"Okr\u0105g\u0142y St\u00f3\u0142 #ELE - Dencanto Community","isPartOf":{"@id":"https:\/\/blog.spanishcourseinspain.com\/en\/#website"},"primaryImageOfPage":{"@id":"https:\/\/blog.spanishcourseinspain.com\/pl\/okragly-stol-ele\/#primaryimage"},"image":{"@id":"https:\/\/blog.spanishcourseinspain.com\/pl\/okragly-stol-ele\/#primaryimage"},"thumbnailUrl":"https:\/\/blog.spanishcourseinspain.com\/wp-content\/uploads\/2020\/03\/mesaredonda2020.jpg","datePublished":"2020-03-04T09:30:03+00:00","dateModified":"2020-03-16T17:18:18+00:00","description":"Szukamy najbardziej innowacyjnych projekt\u00f3w edukacyjnych z ca\u0142ej Polski, kt\u00f3re zainspiruj\u0105 innych nauczycieli i pomog\u0105 stworzy\u0107 coroczne miejsce spotka\u0144.","breadcrumb":{"@id":"https:\/\/blog.spanishcourseinspain.com\/pl\/okragly-stol-ele\/#breadcrumb"},"inLanguage":"pl-PL","potentialAction":[{"@type":"ReadAction","target":["https:\/\/blog.spanishcourseinspain.com\/pl\/okragly-stol-ele\/"]}]},{"@type":"ImageObject","inLanguage":"pl-PL","@id":"https:\/\/blog.spanishcourseinspain.com\/pl\/okragly-stol-ele\/#primaryimage","url":"https:\/\/blog.spanishcourseinspain.com\/wp-content\/uploads\/2020\/03\/mesaredonda2020.jpg","contentUrl":"https:\/\/blog.spanishcourseinspain.com\/wp-content\/uploads\/2020\/03\/mesaredonda2020.jpg","width":2500,"height":1678},{"@type":"BreadcrumbList","@id":"https:\/\/blog.spanishcourseinspain.com\/pl\/okragly-stol-ele\/#breadcrumb","itemListElement":[{"@type":"ListItem","position":1,"name":"Portada","item":"https:\/\/blog.spanishcourseinspain.com\/pl\/"},{"@type":"ListItem","position":2,"name":"Okr\u0105g\u0142y St\u00f3\u0142 #ELE"}]},{"@type":"WebSite","@id":"https:\/\/blog.spanishcourseinspain.com\/en\/#website","url":"https:\/\/blog.spanishcourseinspain.com\/en\/","name":"Dencanto Community","description":"Lo mejor contenido sobre espa\u00f1ol y Espa\u00f1a en el Blog de Dencanto Community","publisher":{"@id":"https:\/\/blog.spanishcourseinspain.com\/en\/#organization"},"potentialAction":[{"@type":"SearchAction","target":{"@type":"EntryPoint","urlTemplate":"https:\/\/blog.spanishcourseinspain.com\/en\/?s={search_term_string}"},"query-input":{"@type":"PropertyValueSpecification","valueRequired":true,"valueName":"search_term_string"}}],"inLanguage":"pl-PL"},{"@type":"Organization","@id":"https:\/\/blog.spanishcourseinspain.com\/en\/#organization","name":"Dencanto Community","url":"https:\/\/blog.spanishcourseinspain.com\/en\/","logo":{"@type":"ImageObject","inLanguage":"pl-PL","@id":"https:\/\/blog.spanishcourseinspain.com\/en\/#\/schema\/logo\/image\/","url":"https:\/\/blog.spanishcourseinspain.com\/wp-content\/uploads\/2023\/11\/dencanto-logo.png","contentUrl":"https:\/\/blog.spanishcourseinspain.com\/wp-content\/uploads\/2023\/11\/dencanto-logo.png","width":780,"height":528,"caption":"Dencanto Community"},"image":{"@id":"https:\/\/blog.spanishcourseinspain.com\/en\/#\/schema\/logo\/image\/"}}]}},"jetpack_sharing_enabled":true,"_links":{"self":[{"href":"https:\/\/blog.spanishcourseinspain.com\/pl\/wp-json\/wp\/v2\/pages\/2740","targetHints":{"allow":["GET"]}}],"collection":[{"href":"https:\/\/blog.spanishcourseinspain.com\/pl\/wp-json\/wp\/v2\/pages"}],"about":[{"href":"https:\/\/blog.spanishcourseinspain.com\/pl\/wp-json\/wp\/v2\/types\/page"}],"author":[{"embeddable":true,"href":"https:\/\/blog.spanishcourseinspain.com\/pl\/wp-json\/wp\/v2\/users\/4"}],"replies":[{"embeddable":true,"href":"https:\/\/blog.spanishcourseinspain.com\/pl\/wp-json\/wp\/v2\/comments?post=2740"}],"version-history":[{"count":17,"href":"https:\/\/blog.spanishcourseinspain.com\/pl\/wp-json\/wp\/v2\/pages\/2740\/revisions"}],"predecessor-version":[{"id":2810,"href":"https:\/\/blog.spanishcourseinspain.com\/pl\/wp-json\/wp\/v2\/pages\/2740\/revisions\/2810"}],"wp:featuredmedia":[{"embeddable":true,"href":"https:\/\/blog.spanishcourseinspain.com\/pl\/wp-json\/wp\/v2\/media\/2780"}],"wp:attachment":[{"href":"https:\/\/blog.spanishcourseinspain.com\/pl\/wp-json\/wp\/v2\/media?parent=2740"}],"curies":[{"name":"wp","href":"https:\/\/api.w.org\/{rel}","templated":true}]}}