{"id":3078,"date":"2020-04-26T18:29:06","date_gmt":"2020-04-26T16:29:06","guid":{"rendered":"https:\/\/blog.spanishcourseinspain.com\/?page_id=3078\/"},"modified":"2020-04-29T17:01:17","modified_gmt":"2020-04-29T15:01:17","slug":"intensywne-kursy-hiszpanskiego-online","status":"publish","type":"page","link":"https:\/\/blog.spanishcourseinspain.com\/pl\/intensywne-kursy-hiszpanskiego-online\/","title":{"rendered":"Intensywne kursy online"},"content":{"rendered":"<h3 style=\"text-align: center;\">To Tw\u00f3j moment na nauk\u0119 hiszpa\u0144skiego!<\/h3>\n<h3 style=\"text-align: center;\"><strong>Zanurz si\u0119 w j\u0119zyku bez wychodzenia z domu<\/strong>.<\/h3>\n<p style=\"text-align: justify;\">Z naszymi <span style=\"color: #df402b;\"><strong>kursami hiszpa\u0144skiego LIVE<\/strong><\/span> b\u0119dziesz m\u00f3g\u0142\/mog\u0142a prze\u017cy\u0107 immersj\u0119 w j\u0119zyku w swoim domu. Kursy hiszpa\u0144skiego online to zaj\u0119cia w zredukowanych, mi\u0119dzynarodowych grupach z hiszpa\u0144skoj\u0119zycznymi nauczycielami z najlepszych szk\u00f3\u0142 w Hiszpanii, kt\u00f3re s\u0105 certfikowane przez Instytut Cervantesa. Zosta\u0142y stworzone w innowacyjny i interaktywny spos\u00f3b, tak aby uczniowie mogli poczyni\u0107 post\u0119py w kr\u00f3tkim czasie, sp\u0119dzaj\u0105c przy tym mi\u0142o czas.<\/p>\n<p style=\"text-align: justify;\">Brzmi zach\u0119caj\u0105co, prawda? To nie wszystko! Rezerwuj\u0105c jeden z kurs\u00f3w otrzymasz <span style=\"color: #df402b;\"><strong>specjalny rabat<\/strong><\/span> na swoj\u0105 przysz\u0142\u0105 immersj\u0119 w Hiszpanii.<\/p>\n<h3 style=\"text-align: center;\"><strong>Najlepsze szko\u0142y immersji proponuj\u0105 Ci kursy hiszpa\u0144skiego online:<\/strong><\/h3>\n<h4 style=\"text-align: center;\"><strong>1. Kurs 10 lub 20 lekcji tygodniowo w najlepszych szko\u0142ach w <span style=\"color: #df402b;\">Sewilli, Maladze i Kadyksie.<\/span><\/strong><\/h4>\n<p><a href=\"https:\/\/blog.spanishcourseinspain.com\/wp-content\/uploads\/2020\/03\/sevilla.jpg\"><img loading=\"lazy\" decoding=\"async\" class=\"aligncenter wp-image-2851 size-large\" src=\"https:\/\/blog.spanishcourseinspain.com\/wp-content\/uploads\/2020\/03\/sevilla-1024x385.jpg\" alt=\"\" width=\"1024\" height=\"385\" srcset=\"https:\/\/blog.spanishcourseinspain.com\/wp-content\/uploads\/2020\/03\/sevilla-1024x385.jpg 1024w, https:\/\/blog.spanishcourseinspain.com\/wp-content\/uploads\/2020\/03\/sevilla-300x113.jpg 300w, https:\/\/blog.spanishcourseinspain.com\/wp-content\/uploads\/2020\/03\/sevilla-768x289.jpg 768w, https:\/\/blog.spanishcourseinspain.com\/wp-content\/uploads\/2020\/03\/sevilla.jpg 1908w\" sizes=\"auto, (max-width: 1024px) 100vw, 1024px\" \/><\/a><\/p>\n<p style=\"text-align: justify;\">Mo\u017cesz odby\u0107 te kursy hiszpa\u0144skiego online zar\u00f3wno rano jak i popo\u0142udniami. Wybierz <span style=\"color: #df402b;\"><strong>10 lub 20 lekcji na tydzie\u0144<\/strong><\/span>. Nauczyciele s\u0105 jednymi z najlepszych w Hiszpanii i z wielk\u0105 przyjemno\u015bci\u0105 poka\u017c\u0105 Ci \u017cycie i kultur\u0119 kraju, a przede wszystkim Andaluzji. &nbsp;Dodatkowo, wszystkim uczniom oferowany jest program zaj\u0119\u0107 kulturalnych: warsztaty, wizyty wirtualne, gry interaktywne, kino, itd.<br \/>\nZanurz si\u0119 w j\u0119zyku przez jego kultur\u0119!<\/p>\n<p style=\"text-align: center;\"><em><u>Cena 10 lekcji na tydzie\u0144: 90\u20ac za tydzie\u0144.<\/u><\/em><\/p>\n<p style=\"text-align: center;\"><em><u>Cena 20 lekcji na tydzie\u0144: 180\u20ac za tydzie\u0144.<\/u><\/em><\/p>\n<p class=\"wpcf7-contact-form-not-found\"><strong>B\u0142\u0105d:<\/strong> Brak formularza kontaktowego.<\/p>\n<h4 style=\"text-align: center;\">2. <strong>Kurs 20 lub 5 lekcji tygodniowo w najlepszej szkole <\/strong><span style=\"color: #df402b;\"><strong>w Walencji.<\/strong><\/span><\/h4>\n<p><a href=\"https:\/\/blog.spanishcourseinspain.com\/wp-content\/uploads\/2020\/03\/valencia.jpg\"><img loading=\"lazy\" decoding=\"async\" class=\"aligncenter wp-image-2852\" src=\"https:\/\/blog.spanishcourseinspain.com\/wp-content\/uploads\/2020\/03\/valencia-1024x374.jpg\" alt=\"\" width=\"1024\" height=\"374\"><\/a><\/p>\n<p style=\"text-align: justify;\">Te kursy hiszpa\u0144skiego online prowadzony s\u0105 przez nauczycieli z jednej z najlepszych szk\u00f3\u0142 w Walencji. Mo\u017cesz wybra\u0107 mi\u0119dzy <strong><span style=\"color: #df402b;\">standardowym kursem intensywnym 20 lekcji na tydzie\u0144<\/span>, <\/strong>na kt\u00f3rym b\u0119dziesz \u0107wiczy\u0107 wszystkie najwa\u017cniejsze aspekty j\u0119zyka lub wybra\u0107<span style=\"color: #df402b;\"><strong> 5 lekcji tygodniowo <\/strong><\/span>skupiaj\u0105ce si\u0119 na konkretnej praktyce: gramatyka, wymowa i konwersacje, \u017cycie i kultura Hiszpanii lub hiszpa\u0144ski w biznesie.<\/p>\n<p style=\"text-align: center;\"><em><u>Cena 20 lekcji na tydzie\u0144 180\u20ac za tydzie\u0144.<\/u><\/em><\/p>\n<p style=\"text-align: center;\"><em><u>Cena 5 lekcji na tydzie\u0144 40\u20ac za tydzie\u0144.<\/u><\/em><\/p>\n<p class=\"wpcf7-contact-form-not-found\"><strong>B\u0142\u0105d:<\/strong> Brak formularza kontaktowego.<\/p>\n<h4 style=\"text-align: center;\"><strong>3. <\/strong><strong>Kursy <span style=\"color: #000000;\">10, 15 lub 25 lekcji na tydzie\u0144<\/span> w najlepszej szkole <\/strong><strong>w <span style=\"color: #df402b;\">Alicante.<\/span><\/strong><\/h4>\n<p style=\"text-align: justify;\"><a href=\"https:\/\/blog.spanishcourseinspain.com\/wp-content\/uploads\/2020\/03\/alicante.jpg\"><img loading=\"lazy\" decoding=\"async\" class=\"aligncenter wp-image-2850 size-large\" src=\"https:\/\/blog.spanishcourseinspain.com\/wp-content\/uploads\/2020\/03\/alicante-1024x399.jpg\" alt=\"\" width=\"1024\" height=\"399\" srcset=\"https:\/\/blog.spanishcourseinspain.com\/wp-content\/uploads\/2020\/03\/alicante-1024x399.jpg 1024w, https:\/\/blog.spanishcourseinspain.com\/wp-content\/uploads\/2020\/03\/alicante-300x117.jpg 300w, https:\/\/blog.spanishcourseinspain.com\/wp-content\/uploads\/2020\/03\/alicante-768x300.jpg 768w, https:\/\/blog.spanishcourseinspain.com\/wp-content\/uploads\/2020\/03\/alicante.jpg 1918w\" sizes=\"auto, (max-width: 1024px) 100vw, 1024px\" \/><\/a><\/p>\n<p style=\"text-align: justify;\">Je\u015bli chcesz poczyni\u0107 bardzo szybki post\u0119p w j\u0119zyku wybierz kurs <span style=\"color: #df402b;\"><strong>25 lekcji tygodniowo<\/strong><\/span>. Ten kurs \u0142\u0105czy ze sob\u0105 3 lekcje skupiaj\u0105ce sie na gramatyce i s\u0142ownictwie z dwiema lekcjami konwersacji dziennie. Mo\u017cesz odby\u0107 r\u00f3wnie\u017c kurs 3 lekcje dziennie samej gramatyki i s\u0142ownictwa, czyli kurs <span style=\"color: #df402b;\"><strong>15 lekcji tygodniowo<\/strong><\/span> lub <span style=\"color: #df402b;\"><strong>10 lekcji tygodniowo<\/strong> <strong>po\u015bwi\u0119conych na konwersacje.<\/strong><\/span><\/p>\n<p style=\"text-align: justify;\">Oferowane s\u0105 tak\u017ce zaj\u0119cia kulturalne, kt\u00f3re zawieraj\u0105 r\u00f3\u017cnego rodzaju warsztaty, lekcje ta\u0144ca, lekcje gotowania, wirtualne wizyty, itd.<\/p>\n<p style=\"text-align: center;\"><em><u>Cena 10 lekcji konwersacji tygodniowo: &nbsp;65\u20ac za tydzie\u0144.<\/u><\/em><\/p>\n<p style=\"text-align: center;\"><em><u>Cena 15 lekcji gramatyki i s\u0142ownictwa tygodniowo: 115\u20ac za tydzie\u0144.<\/u><\/em><\/p>\n<p style=\"text-align: center;\"><em><u>Cena 25 lekcji tygodniowo: 145\u20ac za tydzie\u0144.<\/u><\/em><\/p>\n<p class=\"wpcf7-contact-form-not-found\"><strong>B\u0142\u0105d:<\/strong> Brak formularza kontaktowego.<\/p>\n<p style=\"text-align: justify;\">Spodoba\u0142 Ci si\u0119 kt\u00f3ry\u015b z tych kurs\u00f3w? Napisz do nas! Nasz agent edukacyjny wyja\u015bni Ci wszystkie potrzebne szczeg\u00f3\u0142y.<\/p>\n<p style=\"text-align: center;\"><strong>Skontaktuj si\u0119 z nami, aby przeprowadzi\u0107 pr\u00f3b\u0119 <span style=\"color: #df402b;\">GRATIS.<\/span><\/strong><\/p>\n<p style=\"text-align: justify;\">Je\u015bli dysponujesz mniejsz\u0105 ilo\u015bci\u0105 czasu wolnego, ale chcia\u0142by\u015b\/chcia\u0142aby\u015b uczy\u0107 si\u0119 hiszpa\u0144skiego z lud\u017ami z ca\u0142ego \u015bwiata zapraszamy do zapoznania si\u0119 z ofert\u0105 naszych kurs\u00f3w light.<\/p>\n<p style=\"text-align: justify;\"><div class=\"su-button-center\"><a href=\"https:\/\/blog.spanishcourseinspain.com\/pl\/kursy-hiszpanskiego-online-light\" class=\"su-button su-button-style-flat\" style=\"color:#FFFFFF;background-color:#458643;border-color:#386c36;border-radius:0px\" target=\"_blank\" rel=\"noopener noreferrer\"><span style=\"color:#FFFFFF;padding:0px 20px;font-size:16px;line-height:32px;border-color:#7dab7c;border-radius:0px;text-shadow:none\"> ZOBACZ KURSY LIGHT<\/span><\/a><\/div>\n","protected":false},"excerpt":{"rendered":"<p>To Tw\u00f3j moment na nauk\u0119 hiszpa\u0144skiego! Zanurz si\u0119 w j\u0119zyku bez wychodzenia z domu. Z naszymi kursami hiszpa\u0144skiego LIVE b\u0119dziesz m\u00f3g\u0142\/mog\u0142a prze\u017cy\u0107 immersj\u0119 w j\u0119zyku w swoim domu. Kursy hiszpa\u0144skiego online to zaj\u0119cia w zredukowanych, mi\u0119dzynarodowych grupach z hiszpa\u0144skoj\u0119zycznymi nauczycielami z najlepszych szk\u00f3\u0142 w Hiszpanii, kt\u00f3re s\u0105 certfikowane przez Instytut Cervantesa. Zosta\u0142y stworzone w innowacyjny [&hellip;]<\/p>\n","protected":false},"author":4,"featured_media":3333,"parent":0,"menu_order":0,"comment_status":"closed","ping_status":"closed","template":"","meta":{"_et_pb_use_builder":"","_et_pb_old_content":"","_et_gb_content_width":"","_joinchat":[],"footnotes":""},"class_list":["post-3078","page","type-page","status-publish","has-post-thumbnail","hentry"],"translation":{"provider":"WPGlobus","version":"3.0.2","language":"pl","enabled_languages":["es","en","it","pl"],"languages":{"es":{"title":true,"content":true,"excerpt":false},"en":{"title":false,"content":false,"excerpt":false},"it":{"title":false,"content":false,"excerpt":false},"pl":{"title":false,"content":false,"excerpt":false}}},"yoast_head":"<!-- This site is optimized with the Yoast SEO plugin v27.3 - https:\/\/yoast.com\/product\/yoast-seo-wordpress\/ -->\n<title>Intensywne kursy hiszpa\u0144skiego online: Imersja LIVE w Twoim domu.<\/title>\n<meta name=\"robots\" content=\"index, follow, max-snippet:-1, max-image-preview:large, max-video-preview:-1\" \/>\n<link rel=\"canonical\" href=\"https:\/\/blog.spanishcourseinspain.com\/pl\/intensywne-kursy-hiszpanskiego-online\/\" \/>\n<meta property=\"og:locale\" content=\"pl_PL\" \/>\n<meta property=\"og:type\" content=\"article\" \/>\n<meta property=\"og:title\" content=\"Intensywne kursy online - Dencanto Community\" \/>\n<meta property=\"og:url\" content=\"https:\/\/blog.spanishcourseinspain.com\/pl\/intensywne-kursy-hiszpanskiego-online\/\" \/>\n<meta property=\"og:site_name\" content=\"Dencanto Community\" \/>\n<meta property=\"article:modified_time\" content=\"2020-04-29T15:01:17+00:00\" \/>\n<meta property=\"og:image\" content=\"https:\/\/blog.spanishcourseinspain.com\/wp-content\/uploads\/2020\/04\/hiszpanski_online.jpg\" \/>\n\t<meta property=\"og:image:width\" content=\"1227\" \/>\n\t<meta property=\"og:image:height\" content=\"431\" \/>\n\t<meta property=\"og:image:type\" content=\"image\/jpeg\" \/>\n<meta name=\"twitter:label1\" content=\"Szacowany czas czytania\" \/>\n\t<meta name=\"twitter:data1\" content=\"3 minuty\" \/>\n<script type=\"application\/ld+json\" class=\"yoast-schema-graph\">{\"@context\":\"https:\\\/\\\/schema.org\",\"@graph\":[{\"@type\":\"WebPage\",\"@id\":\"https:\\\/\\\/blog.spanishcourseinspain.com\\\/pl\\\/intensywne-kursy-hiszpanskiego-online\\\/\",\"url\":\"https:\\\/\\\/blog.spanishcourseinspain.com\\\/pl\\\/intensywne-kursy-hiszpanskiego-online\\\/\",\"name\":\"Intensywne kursy hiszpa\u0144skiego online: Imersja LIVE w Twoim domu.\",\"isPartOf\":{\"@id\":\"https:\\\/\\\/blog.spanishcourseinspain.com\\\/en\\\/#website\"},\"primaryImageOfPage\":{\"@id\":\"https:\\\/\\\/blog.spanishcourseinspain.com\\\/pl\\\/intensywne-kursy-hiszpanskiego-online\\\/#primaryimage\"},\"image\":{\"@id\":\"https:\\\/\\\/blog.spanishcourseinspain.com\\\/pl\\\/intensywne-kursy-hiszpanskiego-online\\\/#primaryimage\"},\"thumbnailUrl\":\"https:\\\/\\\/blog.spanishcourseinspain.com\\\/wp-content\\\/uploads\\\/2020\\\/04\\\/hiszpanski_online.jpg\",\"datePublished\":\"2020-04-26T16:29:06+00:00\",\"dateModified\":\"2020-04-29T15:01:17+00:00\",\"description\":\"Nasze kursy hiszpa\u0144skiego online pozwol\u0105 Ci prze\u017cy\u0107 immersj\u0119 w j\u0119zyku, w Twoim domu. Najlepsze oferty intensywnych kurs\u00f3w hiszpa\u0144skiego online.\",\"breadcrumb\":{\"@id\":\"https:\\\/\\\/blog.spanishcourseinspain.com\\\/pl\\\/intensywne-kursy-hiszpanskiego-online\\\/#breadcrumb\"},\"inLanguage\":\"pl-PL\",\"potentialAction\":[{\"@type\":\"ReadAction\",\"target\":[\"https:\\\/\\\/blog.spanishcourseinspain.com\\\/pl\\\/intensywne-kursy-hiszpanskiego-online\\\/\"]}]},{\"@type\":\"ImageObject\",\"inLanguage\":\"pl-PL\",\"@id\":\"https:\\\/\\\/blog.spanishcourseinspain.com\\\/pl\\\/intensywne-kursy-hiszpanskiego-online\\\/#primaryimage\",\"url\":\"https:\\\/\\\/blog.spanishcourseinspain.com\\\/wp-content\\\/uploads\\\/2020\\\/04\\\/hiszpanski_online.jpg\",\"contentUrl\":\"https:\\\/\\\/blog.spanishcourseinspain.com\\\/wp-content\\\/uploads\\\/2020\\\/04\\\/hiszpanski_online.jpg\",\"width\":1227,\"height\":431},{\"@type\":\"BreadcrumbList\",\"@id\":\"https:\\\/\\\/blog.spanishcourseinspain.com\\\/pl\\\/intensywne-kursy-hiszpanskiego-online\\\/#breadcrumb\",\"itemListElement\":[{\"@type\":\"ListItem\",\"position\":1,\"name\":\"Portada\",\"item\":\"https:\\\/\\\/blog.spanishcourseinspain.com\\\/pl\\\/\"},{\"@type\":\"ListItem\",\"position\":2,\"name\":\"Intensywne kursy online\"}]},{\"@type\":\"WebSite\",\"@id\":\"https:\\\/\\\/blog.spanishcourseinspain.com\\\/en\\\/#website\",\"url\":\"https:\\\/\\\/blog.spanishcourseinspain.com\\\/en\\\/\",\"name\":\"Dencanto Community\",\"description\":\"Lo mejor contenido sobre espa\u00f1ol y Espa\u00f1a en el Blog de Dencanto Community\",\"publisher\":{\"@id\":\"https:\\\/\\\/blog.spanishcourseinspain.com\\\/en\\\/#organization\"},\"potentialAction\":[{\"@type\":\"SearchAction\",\"target\":{\"@type\":\"EntryPoint\",\"urlTemplate\":\"https:\\\/\\\/blog.spanishcourseinspain.com\\\/en\\\/?s={search_term_string}\"},\"query-input\":{\"@type\":\"PropertyValueSpecification\",\"valueRequired\":true,\"valueName\":\"search_term_string\"}}],\"inLanguage\":\"pl-PL\"},{\"@type\":\"Organization\",\"@id\":\"https:\\\/\\\/blog.spanishcourseinspain.com\\\/en\\\/#organization\",\"name\":\"Dencanto Community\",\"url\":\"https:\\\/\\\/blog.spanishcourseinspain.com\\\/en\\\/\",\"logo\":{\"@type\":\"ImageObject\",\"inLanguage\":\"pl-PL\",\"@id\":\"https:\\\/\\\/blog.spanishcourseinspain.com\\\/en\\\/#\\\/schema\\\/logo\\\/image\\\/\",\"url\":\"https:\\\/\\\/blog.spanishcourseinspain.com\\\/wp-content\\\/uploads\\\/2023\\\/11\\\/dencanto-logo.png\",\"contentUrl\":\"https:\\\/\\\/blog.spanishcourseinspain.com\\\/wp-content\\\/uploads\\\/2023\\\/11\\\/dencanto-logo.png\",\"width\":780,\"height\":528,\"caption\":\"Dencanto Community\"},\"image\":{\"@id\":\"https:\\\/\\\/blog.spanishcourseinspain.com\\\/en\\\/#\\\/schema\\\/logo\\\/image\\\/\"}}]}<\/script>\n<!-- \/ Yoast SEO plugin. -->","yoast_head_json":{"title":"Intensywne kursy hiszpa\u0144skiego online: Imersja LIVE w Twoim domu.","robots":{"index":"index","follow":"follow","max-snippet":"max-snippet:-1","max-image-preview":"max-image-preview:large","max-video-preview":"max-video-preview:-1"},"canonical":"https:\/\/blog.spanishcourseinspain.com\/pl\/intensywne-kursy-hiszpanskiego-online\/","og_locale":"pl_PL","og_type":"article","og_title":"Intensywne kursy online - Dencanto Community","og_url":"https:\/\/blog.spanishcourseinspain.com\/pl\/intensywne-kursy-hiszpanskiego-online\/","og_site_name":"Dencanto Community","article_modified_time":"2020-04-29T15:01:17+00:00","og_image":[{"width":1227,"height":431,"url":"https:\/\/blog.spanishcourseinspain.com\/wp-content\/uploads\/2020\/04\/hiszpanski_online.jpg","type":"image\/jpeg"}],"twitter_misc":{"Szacowany czas czytania":"3 minuty"},"schema":{"@context":"https:\/\/schema.org","@graph":[{"@type":"WebPage","@id":"https:\/\/blog.spanishcourseinspain.com\/pl\/intensywne-kursy-hiszpanskiego-online\/","url":"https:\/\/blog.spanishcourseinspain.com\/pl\/intensywne-kursy-hiszpanskiego-online\/","name":"Intensywne kursy hiszpa\u0144skiego online: Imersja LIVE w Twoim domu.","isPartOf":{"@id":"https:\/\/blog.spanishcourseinspain.com\/en\/#website"},"primaryImageOfPage":{"@id":"https:\/\/blog.spanishcourseinspain.com\/pl\/intensywne-kursy-hiszpanskiego-online\/#primaryimage"},"image":{"@id":"https:\/\/blog.spanishcourseinspain.com\/pl\/intensywne-kursy-hiszpanskiego-online\/#primaryimage"},"thumbnailUrl":"https:\/\/blog.spanishcourseinspain.com\/wp-content\/uploads\/2020\/04\/hiszpanski_online.jpg","datePublished":"2020-04-26T16:29:06+00:00","dateModified":"2020-04-29T15:01:17+00:00","description":"Nasze kursy hiszpa\u0144skiego online pozwol\u0105 Ci prze\u017cy\u0107 immersj\u0119 w j\u0119zyku, w Twoim domu. Najlepsze oferty intensywnych kurs\u00f3w hiszpa\u0144skiego online.","breadcrumb":{"@id":"https:\/\/blog.spanishcourseinspain.com\/pl\/intensywne-kursy-hiszpanskiego-online\/#breadcrumb"},"inLanguage":"pl-PL","potentialAction":[{"@type":"ReadAction","target":["https:\/\/blog.spanishcourseinspain.com\/pl\/intensywne-kursy-hiszpanskiego-online\/"]}]},{"@type":"ImageObject","inLanguage":"pl-PL","@id":"https:\/\/blog.spanishcourseinspain.com\/pl\/intensywne-kursy-hiszpanskiego-online\/#primaryimage","url":"https:\/\/blog.spanishcourseinspain.com\/wp-content\/uploads\/2020\/04\/hiszpanski_online.jpg","contentUrl":"https:\/\/blog.spanishcourseinspain.com\/wp-content\/uploads\/2020\/04\/hiszpanski_online.jpg","width":1227,"height":431},{"@type":"BreadcrumbList","@id":"https:\/\/blog.spanishcourseinspain.com\/pl\/intensywne-kursy-hiszpanskiego-online\/#breadcrumb","itemListElement":[{"@type":"ListItem","position":1,"name":"Portada","item":"https:\/\/blog.spanishcourseinspain.com\/pl\/"},{"@type":"ListItem","position":2,"name":"Intensywne kursy online"}]},{"@type":"WebSite","@id":"https:\/\/blog.spanishcourseinspain.com\/en\/#website","url":"https:\/\/blog.spanishcourseinspain.com\/en\/","name":"Dencanto Community","description":"Lo mejor contenido sobre espa\u00f1ol y Espa\u00f1a en el Blog de Dencanto Community","publisher":{"@id":"https:\/\/blog.spanishcourseinspain.com\/en\/#organization"},"potentialAction":[{"@type":"SearchAction","target":{"@type":"EntryPoint","urlTemplate":"https:\/\/blog.spanishcourseinspain.com\/en\/?s={search_term_string}"},"query-input":{"@type":"PropertyValueSpecification","valueRequired":true,"valueName":"search_term_string"}}],"inLanguage":"pl-PL"},{"@type":"Organization","@id":"https:\/\/blog.spanishcourseinspain.com\/en\/#organization","name":"Dencanto Community","url":"https:\/\/blog.spanishcourseinspain.com\/en\/","logo":{"@type":"ImageObject","inLanguage":"pl-PL","@id":"https:\/\/blog.spanishcourseinspain.com\/en\/#\/schema\/logo\/image\/","url":"https:\/\/blog.spanishcourseinspain.com\/wp-content\/uploads\/2023\/11\/dencanto-logo.png","contentUrl":"https:\/\/blog.spanishcourseinspain.com\/wp-content\/uploads\/2023\/11\/dencanto-logo.png","width":780,"height":528,"caption":"Dencanto Community"},"image":{"@id":"https:\/\/blog.spanishcourseinspain.com\/en\/#\/schema\/logo\/image\/"}}]}},"jetpack_sharing_enabled":true,"_links":{"self":[{"href":"https:\/\/blog.spanishcourseinspain.com\/pl\/wp-json\/wp\/v2\/pages\/3078","targetHints":{"allow":["GET"]}}],"collection":[{"href":"https:\/\/blog.spanishcourseinspain.com\/pl\/wp-json\/wp\/v2\/pages"}],"about":[{"href":"https:\/\/blog.spanishcourseinspain.com\/pl\/wp-json\/wp\/v2\/types\/page"}],"author":[{"embeddable":true,"href":"https:\/\/blog.spanishcourseinspain.com\/pl\/wp-json\/wp\/v2\/users\/4"}],"replies":[{"embeddable":true,"href":"https:\/\/blog.spanishcourseinspain.com\/pl\/wp-json\/wp\/v2\/comments?post=3078"}],"version-history":[{"count":18,"href":"https:\/\/blog.spanishcourseinspain.com\/pl\/wp-json\/wp\/v2\/pages\/3078\/revisions"}],"predecessor-version":[{"id":3334,"href":"https:\/\/blog.spanishcourseinspain.com\/pl\/wp-json\/wp\/v2\/pages\/3078\/revisions\/3334"}],"wp:featuredmedia":[{"embeddable":true,"href":"https:\/\/blog.spanishcourseinspain.com\/pl\/wp-json\/wp\/v2\/media\/3333"}],"wp:attachment":[{"href":"https:\/\/blog.spanishcourseinspain.com\/pl\/wp-json\/wp\/v2\/media?parent=3078"}],"curies":[{"name":"wp","href":"https:\/\/api.w.org\/{rel}","templated":true}]}}