{"id":3082,"date":"2020-04-26T17:37:28","date_gmt":"2020-04-26T15:37:28","guid":{"rendered":"https:\/\/blog.spanishcourseinspain.com\/?page_id=3082\/"},"modified":"2020-04-29T18:47:54","modified_gmt":"2020-04-29T16:47:54","slug":"kursy-hiszpanskiego-online-light","status":"publish","type":"page","link":"https:\/\/blog.spanishcourseinspain.com\/pl\/kursy-hiszpanskiego-online-light\/","title":{"rendered":"Kursy online LIGHT: Hiszpa\u0144ski Twoim w\u0142asnym rytmem"},"content":{"rendered":"<h3 style=\"text-align: center;\"><strong>Chcesz uczy\u0107 si\u0119 hiszpa\u0144skiego, ale masz ma\u0142o czasu?<\/strong><\/h3>\n<h3 style=\"text-align: center;\"><strong>Mamy dla Ciebie rozwi\u0105zanie!<\/strong><\/h3>\n<p style=\"text-align: justify;\">Wybrali\u015bmy najlepsze <span style=\"color: #df402b;\"><strong>ekstensywne kursy hiszpa\u0144skiego online<\/strong><\/span>, kt\u00f3re pozwalaj\u0105 naszym uczniom na nauk\u0119 z domu i we w\u0142asnym rytmie.<\/p>\n<p style=\"text-align: justify;\">Kursy hiszpa\u0144skiego online \u0142\u0105cz\u0105 ze sob\u0105 u\u017cycie r\u00f3\u017cnych technologii do nauki, w tym <span style=\"color: #df402b;\"><strong>lekcje LIVE w grupach mi\u0119dzynarodowych<\/strong><\/span>. Hiszpa\u0144scy nauczyciele z najlepszych szk\u00f3\u0142 z Hiszpanii poprowadz\u0105 Ci\u0119 i pomog\u0105 Ci w ca\u0142ym procesie, tak aby\u015b m\u00f3g\u0142 poczyni\u0107 jak najwi\u0119ksze, widoczne post\u0119py.<\/p>\n<p style=\"text-align: justify;\">Ponadto, w grupie hiszpa\u0144skiego online poznasz osoby z r\u00f3\u017cnych cz\u0119\u015bci \u015bwiata, kt\u00f3re tak jak Ty chc\u0105 uczy\u0107 si\u0119 j\u0119zyka.<\/p>\n<p style=\"text-align: justify;\">Dodatkowo, realizuj\u0105c jeden z naszych kurs\u00f3w online otrzymasz <span style=\"color: #df402b;\"><strong>specjalny rabat<\/strong><\/span> na Twoj\u0105 przysz\u0142\u0105 immersj\u0119 w Hiszpanii.<\/p>\n<h3 style=\"text-align: center;\"><strong>Najlepsze szko\u0142y immersji w Hiszpanii proponuj\u0105 Ci nast\u0119puj\u0105ce kursy online LIGHT:<\/strong><\/h3>\n<h4 style=\"text-align: center;\">1. <strong>Kurs 40 + 10 lekcji w najlepszej szkole <span style=\"color: #df402b;\">w Maladze.<\/span><\/strong><\/h4>\n<h4><a href=\"https:\/\/blog.spanishcourseinspain.com\/wp-content\/uploads\/2020\/04\/malaga.jpg\"><img loading=\"lazy\" decoding=\"async\" class=\"aligncenter wp-image-3070 size-large\" src=\"https:\/\/blog.spanishcourseinspain.com\/wp-content\/uploads\/2020\/04\/malaga-1024x394.jpg\" alt=\"\" width=\"1024\" height=\"394\" srcset=\"https:\/\/blog.spanishcourseinspain.com\/wp-content\/uploads\/2020\/04\/malaga-1024x394.jpg 1024w, https:\/\/blog.spanishcourseinspain.com\/wp-content\/uploads\/2020\/04\/malaga-300x116.jpg 300w, https:\/\/blog.spanishcourseinspain.com\/wp-content\/uploads\/2020\/04\/malaga-768x296.jpg 768w, https:\/\/blog.spanishcourseinspain.com\/wp-content\/uploads\/2020\/04\/malaga-1536x591.jpg 1536w, https:\/\/blog.spanishcourseinspain.com\/wp-content\/uploads\/2020\/04\/malaga.jpg 1548w\" sizes=\"auto, (max-width: 1024px) 100vw, 1024px\" \/><\/a><\/h4>\n<p style=\"text-align: justify;\">Kurs ten \u0142\u0105czy <span style=\"color: #df402b;\"><strong>10 lekcji w grupie<\/strong><\/span>\u00a0przez wideokonferencj\u0119 z hiszpa\u0144skoj\u0119zycznym nauczycielem z <span style=\"color: #df402b;\"><strong>40 lekcjami nauki przez platform\u0119 e-learning<\/strong><\/span>\u00a0wzbogacone o <em>tutor\u00edas<\/em> czyli lekcje pomocy nauczycielskiej. Ponadto otrzymasz dost\u0119p do materia\u0142\u00f3w, kt\u00f3re pozwol\u0105 Ci na samodzieln\u0105 nauk\u0119 przez 365 dni.<\/p>\n<p style=\"text-align: justify;\">Kurs trwa 4 tygodnie.<\/p>\n<p style=\"text-align: justify;\">Najbli\u017csze terminy rozpocz\u0119cia kursu to:<\/p>\n<p style=\"text-align: justify;\">12 kwietnia i 17 maja dla poziom\u00f3w A1 y B2<\/p>\n<p style=\"text-align: justify;\">3 maja dla poziom\u00f3w A2 i B1.<\/p>\n<p style=\"text-align: center;\"><em><u>Cena: 440\u20ac.<\/u><\/em><\/p>\n<p style=\"text-align: justify;\"><p class=\"wpcf7-contact-form-not-found\"><strong>B\u0142\u0105d:<\/strong> Brak formularza kontaktowego.<\/p>\n<h4 style=\"text-align: center;\">2. <strong>Kurs 3 lub 4 lekcje tygodniowo w najlepszej szkole <span style=\"color: #df402b;\">w Madrycie.<\/span><\/strong><\/h4>\n<h4><a href=\"https:\/\/blog.spanishcourseinspain.com\/wp-content\/uploads\/2020\/04\/madrid.jpg\"><img loading=\"lazy\" decoding=\"async\" class=\"aligncenter wp-image-3069 size-large\" src=\"https:\/\/blog.spanishcourseinspain.com\/wp-content\/uploads\/2020\/04\/madrid-1024x374.jpg\" alt=\"\" width=\"1024\" height=\"374\" srcset=\"https:\/\/blog.spanishcourseinspain.com\/wp-content\/uploads\/2020\/04\/madrid-1024x374.jpg 1024w, https:\/\/blog.spanishcourseinspain.com\/wp-content\/uploads\/2020\/04\/madrid-300x110.jpg 300w, https:\/\/blog.spanishcourseinspain.com\/wp-content\/uploads\/2020\/04\/madrid-768x281.jpg 768w, https:\/\/blog.spanishcourseinspain.com\/wp-content\/uploads\/2020\/04\/madrid-1536x562.jpg 1536w, https:\/\/blog.spanishcourseinspain.com\/wp-content\/uploads\/2020\/04\/madrid.jpg 1920w\" sizes=\"auto, (max-width: 1024px) 100vw, 1024px\" \/><\/a><\/h4>\n<p style=\"text-align: justify;\">Te kursy hiszpa\u0144skiego online zosta\u0142y stworzone specjalnie dla os\u00f3b pracuj\u0105cych, kt\u00f3re maj\u0105 czas jedynie <span style=\"color: #df402b;\"><strong>popo\u0142udniami<\/strong><\/span> lub <span style=\"color: #df402b;\"><strong>w weekendy. <\/strong><\/span><\/p>\n<p style=\"text-align: justify;\">Kurs weekendowy oferowany jest w wymiarze <strong><span style=\"color: #df402b;\">3 lekcji tygodniowo<\/span><\/strong> w grupach LIVE online z hiszpa\u0144skoj\u0119zycznym nauczycielem. Mo\u017cesz wybra\u0107 mi\u0119dzy lekcjami w pi\u0105tki lub w soboty.<\/p>\n<p style=\"text-align: justify;\">Czas trwania kursu to 12 tygodni. Grupy s\u0105 na poziomie od A1 do C1.<\/p>\n<p style=\"text-align: justify;\">Najbli\u017cszy termin rozpocz\u0119cia kursu to 17 kwietnia (pi\u0105tek) lub 18 kwietnia (sobota).<\/p>\n<p style=\"text-align: center;\"><em><u>Cena kurs weekendowy: 300\u20ac + 18\u20ac ksi\u0105\u017cka w wersji elektronicznej.<\/u><\/em><\/p>\n<p style=\"text-align: justify;\">Z drugiej strony mo\u017cesz rozpocz\u0105\u0107 <strong><span style=\"color: #df402b;\">\u201ckurs popo\u0142udniowy\u201d<\/span><\/strong> w jakikolwiek poniedzia\u0142ek roku i s\u0105 dost\u0119pne r\u00f3\u017cne godziny\u00a0 kursu. Odbywa si\u0119 dwa razy w tygodniu, w sumie 4 lekcje tygodniowo LIVE, w grupach mi\u0119dzynarodowych i z hiszpa\u0144skoj\u0119zycznymi nauczycielami.<\/p>\n<p style=\"text-align: center;\"><em><u>Cena kurs popo\u0142udniowy: 105\u20ac\/4 tygodnie + 18\u20ac ksi\u0105\u017cka w wersji elektronicznej.<\/u><\/em><\/p>\n<p style=\"text-align: justify;\"><p class=\"wpcf7-contact-form-not-found\"><strong>B\u0142\u0105d:<\/strong> Brak formularza kontaktowego.<\/p>\n<p style=\"text-align: justify;\">Je\u015bli spodoba\u0142y Ci si\u0119 te kursy, skontaktuj si\u0119 z nami! Nasz agent edukacyjny wyja\u015bni Ci wszystkie potrzebne szczeg\u00f3\u0142y.<\/p>\n<p style=\"text-align: center;\"><strong>Skontaktuj si\u0119 z nami, aby przeprowadzi\u0107 pr\u00f3b\u0119 <span style=\"color: #df402b;\">GRATIS.<\/span><\/strong><\/p>\n<p style=\"text-align: justify;\">Je\u015bli wolisz kurs ca\u0142kowitej immersji w j\u0119zyku, spr\u00f3buj naszych <strong><span style=\"color: #df402b;\">intensywnych kurs\u00f3w<\/span><\/strong> po\u0142\u0105czonych z aktywno\u015bciami kulturalnymi.<\/p>\n<p style=\"text-align: justify;\"><div class=\"su-button-center\"><a href=\"https:\/\/blog.spanishcourseinspain.com\/pl\/intensywne-kursy-hiszpanskiego-online\/\" class=\"su-button su-button-style-flat\" style=\"color:#FFFFFF;background-color:#458643;border-color:#386c36;border-radius:0px\" target=\"_blank\" rel=\"noopener noreferrer\"><span style=\"color:#FFFFFF;padding:0px 20px;font-size:16px;line-height:32px;border-color:#7dab7c;border-radius:0px;text-shadow:none\"> ZOBACZ KURSY INTENSYWNE<\/span><\/a><\/div>\n","protected":false},"excerpt":{"rendered":"<p>Chcesz uczy\u0107 si\u0119 hiszpa\u0144skiego, ale masz ma\u0142o czasu? Mamy dla Ciebie rozwi\u0105zanie! Wybrali\u015bmy najlepsze ekstensywne kursy hiszpa\u0144skiego online, kt\u00f3re pozwalaj\u0105 naszym uczniom na nauk\u0119 z domu i we w\u0142asnym rytmie. Kursy hiszpa\u0144skiego online \u0142\u0105cz\u0105 ze sob\u0105 u\u017cycie r\u00f3\u017cnych technologii do nauki, w tym lekcje LIVE w grupach mi\u0119dzynarodowych. Hiszpa\u0144scy nauczyciele z najlepszych szk\u00f3\u0142 z Hiszpanii [&hellip;]<\/p>\n","protected":false},"author":4,"featured_media":3333,"parent":0,"menu_order":0,"comment_status":"closed","ping_status":"closed","template":"","meta":{"_et_pb_use_builder":"","_et_pb_old_content":"","_et_gb_content_width":"","_joinchat":[],"footnotes":""},"class_list":["post-3082","page","type-page","status-publish","has-post-thumbnail","hentry"],"translation":{"provider":"WPGlobus","version":"3.0.2","language":"pl","enabled_languages":["es","en","it","pl"],"languages":{"es":{"title":true,"content":true,"excerpt":false},"en":{"title":false,"content":false,"excerpt":false},"it":{"title":false,"content":false,"excerpt":false},"pl":{"title":false,"content":false,"excerpt":false}}},"yoast_head":"<!-- This site is optimized with the Yoast SEO plugin v27.3 - https:\/\/yoast.com\/product\/yoast-seo-wordpress\/ -->\n<title>Kursy hiszpa\u0144skiego online LIGHT - Ucz si\u0119 we w\u0142asnym rytmie<\/title>\n<meta name=\"robots\" content=\"index, follow, max-snippet:-1, max-image-preview:large, max-video-preview:-1\" \/>\n<link rel=\"canonical\" href=\"https:\/\/blog.spanishcourseinspain.com\/pl\/kursy-hiszpanskiego-online-light\/\" \/>\n<meta property=\"og:locale\" content=\"pl_PL\" \/>\n<meta property=\"og:type\" content=\"article\" \/>\n<meta property=\"og:title\" content=\"Kursy online LIGHT: Hiszpa\u0144ski Twoim w\u0142asnym rytmem - Dencanto Community\" \/>\n<meta property=\"og:url\" content=\"https:\/\/blog.spanishcourseinspain.com\/pl\/kursy-hiszpanskiego-online-light\/\" \/>\n<meta property=\"og:site_name\" content=\"Dencanto Community\" \/>\n<meta property=\"article:modified_time\" content=\"2020-04-29T16:47:54+00:00\" \/>\n<meta property=\"og:image\" content=\"https:\/\/blog.spanishcourseinspain.com\/wp-content\/uploads\/2020\/04\/hiszpanski_online.jpg\" \/>\n\t<meta property=\"og:image:width\" content=\"1227\" \/>\n\t<meta property=\"og:image:height\" content=\"431\" \/>\n\t<meta property=\"og:image:type\" content=\"image\/jpeg\" \/>\n<meta name=\"twitter:label1\" content=\"Szacowany czas czytania\" \/>\n\t<meta name=\"twitter:data1\" content=\"2 minuty\" \/>\n<script type=\"application\/ld+json\" class=\"yoast-schema-graph\">{\"@context\":\"https:\\\/\\\/schema.org\",\"@graph\":[{\"@type\":\"WebPage\",\"@id\":\"https:\\\/\\\/blog.spanishcourseinspain.com\\\/pl\\\/kursy-hiszpanskiego-online-light\\\/\",\"url\":\"https:\\\/\\\/blog.spanishcourseinspain.com\\\/pl\\\/kursy-hiszpanskiego-online-light\\\/\",\"name\":\"Kursy hiszpa\u0144skiego online LIGHT - Ucz si\u0119 we w\u0142asnym rytmie\",\"isPartOf\":{\"@id\":\"https:\\\/\\\/blog.spanishcourseinspain.com\\\/en\\\/#website\"},\"primaryImageOfPage\":{\"@id\":\"https:\\\/\\\/blog.spanishcourseinspain.com\\\/pl\\\/kursy-hiszpanskiego-online-light\\\/#primaryimage\"},\"image\":{\"@id\":\"https:\\\/\\\/blog.spanishcourseinspain.com\\\/pl\\\/kursy-hiszpanskiego-online-light\\\/#primaryimage\"},\"thumbnailUrl\":\"https:\\\/\\\/blog.spanishcourseinspain.com\\\/wp-content\\\/uploads\\\/2020\\\/04\\\/hiszpanski_online.jpg\",\"datePublished\":\"2020-04-26T15:37:28+00:00\",\"dateModified\":\"2020-04-29T16:47:54+00:00\",\"description\":\"Ekstensywne kursy hiszpa\u0144skiego online pozwol\u0105 Ci na nauk\u0119 hiszpa\u0144skiego, z domu i we w\u0142asnym rytmie. Najlepsze kursy LIVE w mi\u0119dzynarodowych grupach.\",\"breadcrumb\":{\"@id\":\"https:\\\/\\\/blog.spanishcourseinspain.com\\\/pl\\\/kursy-hiszpanskiego-online-light\\\/#breadcrumb\"},\"inLanguage\":\"pl-PL\",\"potentialAction\":[{\"@type\":\"ReadAction\",\"target\":[\"https:\\\/\\\/blog.spanishcourseinspain.com\\\/pl\\\/kursy-hiszpanskiego-online-light\\\/\"]}]},{\"@type\":\"ImageObject\",\"inLanguage\":\"pl-PL\",\"@id\":\"https:\\\/\\\/blog.spanishcourseinspain.com\\\/pl\\\/kursy-hiszpanskiego-online-light\\\/#primaryimage\",\"url\":\"https:\\\/\\\/blog.spanishcourseinspain.com\\\/wp-content\\\/uploads\\\/2020\\\/04\\\/hiszpanski_online.jpg\",\"contentUrl\":\"https:\\\/\\\/blog.spanishcourseinspain.com\\\/wp-content\\\/uploads\\\/2020\\\/04\\\/hiszpanski_online.jpg\",\"width\":1227,\"height\":431},{\"@type\":\"BreadcrumbList\",\"@id\":\"https:\\\/\\\/blog.spanishcourseinspain.com\\\/pl\\\/kursy-hiszpanskiego-online-light\\\/#breadcrumb\",\"itemListElement\":[{\"@type\":\"ListItem\",\"position\":1,\"name\":\"Portada\",\"item\":\"https:\\\/\\\/blog.spanishcourseinspain.com\\\/pl\\\/\"},{\"@type\":\"ListItem\",\"position\":2,\"name\":\"Kursy online LIGHT: Hiszpa\u0144ski Twoim w\u0142asnym rytmem\"}]},{\"@type\":\"WebSite\",\"@id\":\"https:\\\/\\\/blog.spanishcourseinspain.com\\\/en\\\/#website\",\"url\":\"https:\\\/\\\/blog.spanishcourseinspain.com\\\/en\\\/\",\"name\":\"Dencanto Community\",\"description\":\"Lo mejor contenido sobre espa\u00f1ol y Espa\u00f1a en el Blog de Dencanto Community\",\"publisher\":{\"@id\":\"https:\\\/\\\/blog.spanishcourseinspain.com\\\/en\\\/#organization\"},\"potentialAction\":[{\"@type\":\"SearchAction\",\"target\":{\"@type\":\"EntryPoint\",\"urlTemplate\":\"https:\\\/\\\/blog.spanishcourseinspain.com\\\/en\\\/?s={search_term_string}\"},\"query-input\":{\"@type\":\"PropertyValueSpecification\",\"valueRequired\":true,\"valueName\":\"search_term_string\"}}],\"inLanguage\":\"pl-PL\"},{\"@type\":\"Organization\",\"@id\":\"https:\\\/\\\/blog.spanishcourseinspain.com\\\/en\\\/#organization\",\"name\":\"Dencanto Community\",\"url\":\"https:\\\/\\\/blog.spanishcourseinspain.com\\\/en\\\/\",\"logo\":{\"@type\":\"ImageObject\",\"inLanguage\":\"pl-PL\",\"@id\":\"https:\\\/\\\/blog.spanishcourseinspain.com\\\/en\\\/#\\\/schema\\\/logo\\\/image\\\/\",\"url\":\"https:\\\/\\\/blog.spanishcourseinspain.com\\\/wp-content\\\/uploads\\\/2023\\\/11\\\/dencanto-logo.png\",\"contentUrl\":\"https:\\\/\\\/blog.spanishcourseinspain.com\\\/wp-content\\\/uploads\\\/2023\\\/11\\\/dencanto-logo.png\",\"width\":780,\"height\":528,\"caption\":\"Dencanto Community\"},\"image\":{\"@id\":\"https:\\\/\\\/blog.spanishcourseinspain.com\\\/en\\\/#\\\/schema\\\/logo\\\/image\\\/\"}}]}<\/script>\n<!-- \/ Yoast SEO plugin. -->","yoast_head_json":{"title":"Kursy hiszpa\u0144skiego online LIGHT - Ucz si\u0119 we w\u0142asnym rytmie","robots":{"index":"index","follow":"follow","max-snippet":"max-snippet:-1","max-image-preview":"max-image-preview:large","max-video-preview":"max-video-preview:-1"},"canonical":"https:\/\/blog.spanishcourseinspain.com\/pl\/kursy-hiszpanskiego-online-light\/","og_locale":"pl_PL","og_type":"article","og_title":"Kursy online LIGHT: Hiszpa\u0144ski Twoim w\u0142asnym rytmem - Dencanto Community","og_url":"https:\/\/blog.spanishcourseinspain.com\/pl\/kursy-hiszpanskiego-online-light\/","og_site_name":"Dencanto Community","article_modified_time":"2020-04-29T16:47:54+00:00","og_image":[{"width":1227,"height":431,"url":"https:\/\/blog.spanishcourseinspain.com\/wp-content\/uploads\/2020\/04\/hiszpanski_online.jpg","type":"image\/jpeg"}],"twitter_misc":{"Szacowany czas czytania":"2 minuty"},"schema":{"@context":"https:\/\/schema.org","@graph":[{"@type":"WebPage","@id":"https:\/\/blog.spanishcourseinspain.com\/pl\/kursy-hiszpanskiego-online-light\/","url":"https:\/\/blog.spanishcourseinspain.com\/pl\/kursy-hiszpanskiego-online-light\/","name":"Kursy hiszpa\u0144skiego online LIGHT - Ucz si\u0119 we w\u0142asnym rytmie","isPartOf":{"@id":"https:\/\/blog.spanishcourseinspain.com\/en\/#website"},"primaryImageOfPage":{"@id":"https:\/\/blog.spanishcourseinspain.com\/pl\/kursy-hiszpanskiego-online-light\/#primaryimage"},"image":{"@id":"https:\/\/blog.spanishcourseinspain.com\/pl\/kursy-hiszpanskiego-online-light\/#primaryimage"},"thumbnailUrl":"https:\/\/blog.spanishcourseinspain.com\/wp-content\/uploads\/2020\/04\/hiszpanski_online.jpg","datePublished":"2020-04-26T15:37:28+00:00","dateModified":"2020-04-29T16:47:54+00:00","description":"Ekstensywne kursy hiszpa\u0144skiego online pozwol\u0105 Ci na nauk\u0119 hiszpa\u0144skiego, z domu i we w\u0142asnym rytmie. Najlepsze kursy LIVE w mi\u0119dzynarodowych grupach.","breadcrumb":{"@id":"https:\/\/blog.spanishcourseinspain.com\/pl\/kursy-hiszpanskiego-online-light\/#breadcrumb"},"inLanguage":"pl-PL","potentialAction":[{"@type":"ReadAction","target":["https:\/\/blog.spanishcourseinspain.com\/pl\/kursy-hiszpanskiego-online-light\/"]}]},{"@type":"ImageObject","inLanguage":"pl-PL","@id":"https:\/\/blog.spanishcourseinspain.com\/pl\/kursy-hiszpanskiego-online-light\/#primaryimage","url":"https:\/\/blog.spanishcourseinspain.com\/wp-content\/uploads\/2020\/04\/hiszpanski_online.jpg","contentUrl":"https:\/\/blog.spanishcourseinspain.com\/wp-content\/uploads\/2020\/04\/hiszpanski_online.jpg","width":1227,"height":431},{"@type":"BreadcrumbList","@id":"https:\/\/blog.spanishcourseinspain.com\/pl\/kursy-hiszpanskiego-online-light\/#breadcrumb","itemListElement":[{"@type":"ListItem","position":1,"name":"Portada","item":"https:\/\/blog.spanishcourseinspain.com\/pl\/"},{"@type":"ListItem","position":2,"name":"Kursy online LIGHT: Hiszpa\u0144ski Twoim w\u0142asnym rytmem"}]},{"@type":"WebSite","@id":"https:\/\/blog.spanishcourseinspain.com\/en\/#website","url":"https:\/\/blog.spanishcourseinspain.com\/en\/","name":"Dencanto Community","description":"Lo mejor contenido sobre espa\u00f1ol y Espa\u00f1a en el Blog de Dencanto Community","publisher":{"@id":"https:\/\/blog.spanishcourseinspain.com\/en\/#organization"},"potentialAction":[{"@type":"SearchAction","target":{"@type":"EntryPoint","urlTemplate":"https:\/\/blog.spanishcourseinspain.com\/en\/?s={search_term_string}"},"query-input":{"@type":"PropertyValueSpecification","valueRequired":true,"valueName":"search_term_string"}}],"inLanguage":"pl-PL"},{"@type":"Organization","@id":"https:\/\/blog.spanishcourseinspain.com\/en\/#organization","name":"Dencanto Community","url":"https:\/\/blog.spanishcourseinspain.com\/en\/","logo":{"@type":"ImageObject","inLanguage":"pl-PL","@id":"https:\/\/blog.spanishcourseinspain.com\/en\/#\/schema\/logo\/image\/","url":"https:\/\/blog.spanishcourseinspain.com\/wp-content\/uploads\/2023\/11\/dencanto-logo.png","contentUrl":"https:\/\/blog.spanishcourseinspain.com\/wp-content\/uploads\/2023\/11\/dencanto-logo.png","width":780,"height":528,"caption":"Dencanto Community"},"image":{"@id":"https:\/\/blog.spanishcourseinspain.com\/en\/#\/schema\/logo\/image\/"}}]}},"jetpack_sharing_enabled":true,"_links":{"self":[{"href":"https:\/\/blog.spanishcourseinspain.com\/pl\/wp-json\/wp\/v2\/pages\/3082","targetHints":{"allow":["GET"]}}],"collection":[{"href":"https:\/\/blog.spanishcourseinspain.com\/pl\/wp-json\/wp\/v2\/pages"}],"about":[{"href":"https:\/\/blog.spanishcourseinspain.com\/pl\/wp-json\/wp\/v2\/types\/page"}],"author":[{"embeddable":true,"href":"https:\/\/blog.spanishcourseinspain.com\/pl\/wp-json\/wp\/v2\/users\/4"}],"replies":[{"embeddable":true,"href":"https:\/\/blog.spanishcourseinspain.com\/pl\/wp-json\/wp\/v2\/comments?post=3082"}],"version-history":[{"count":18,"href":"https:\/\/blog.spanishcourseinspain.com\/pl\/wp-json\/wp\/v2\/pages\/3082\/revisions"}],"predecessor-version":[{"id":3340,"href":"https:\/\/blog.spanishcourseinspain.com\/pl\/wp-json\/wp\/v2\/pages\/3082\/revisions\/3340"}],"wp:featuredmedia":[{"embeddable":true,"href":"https:\/\/blog.spanishcourseinspain.com\/pl\/wp-json\/wp\/v2\/media\/3333"}],"wp:attachment":[{"href":"https:\/\/blog.spanishcourseinspain.com\/pl\/wp-json\/wp\/v2\/media?parent=3082"}],"curies":[{"name":"wp","href":"https:\/\/api.w.org\/{rel}","templated":true}]}}