{"id":469,"date":"2017-04-07T18:58:57","date_gmt":"2017-04-07T16:58:57","guid":{"rendered":"https:\/\/blog.spanishcourseinspain.com\/about\/"},"modified":"2019-07-29T11:20:26","modified_gmt":"2019-07-29T09:20:26","slug":"about","status":"publish","type":"page","link":"https:\/\/blog.spanishcourseinspain.com\/pl\/about\/","title":{"rendered":"Autorzy"},"content":{"rendered":"<p>Te presentamos a nuestro equipo que crea el blog de Dencanto Community e intenta hacerlo interesante y \u00fatil para t\u00ed. Venimos de diferentes paises y culturas pero hay algo que nos une: la pasi\u00f3n por espa\u00f1ol y Espa\u00f1a.<strong><br \/>\n<\/strong><\/p>\n<p><a href=\"https:\/\/blog.spanishcourseinspain.com\/wp-content\/uploads\/2017\/05\/karolina-1.jpg\"><img loading=\"lazy\" decoding=\"async\" class=\"size-full wp-image-340 alignleft\" src=\"https:\/\/blog.spanishcourseinspain.com\/wp-content\/uploads\/2017\/05\/karolina-1.jpg\" alt=\"\" width=\"150\" height=\"150\" \/><\/a><\/p>\n<p><strong>Karolina Kowalzcyk, Polonia<br \/>\n<\/strong><\/p>\n<p>Bloguera y ninja de redes sociales, amante de deportes y aventuras. Cas\u00ed 60 paises visitados y muchos planes para el futuro.<\/p>\n<p>&nbsp;<\/p>\n<p><a href=\"https:\/\/blog.spanishcourseinspain.com\/wp-content\/uploads\/2017\/05\/arianna-1.jpg\"><img loading=\"lazy\" decoding=\"async\" class=\"size-full wp-image-339 alignleft\" src=\"https:\/\/blog.spanishcourseinspain.com\/wp-content\/uploads\/2017\/05\/arianna-1.jpg\" alt=\"\" width=\"150\" height=\"150\" \/><\/a><\/p>\n<p><strong>Arianna Viozzi, Italia<br \/>\n<\/strong><\/p>\n<p>Especialista en espa\u00f1ol y traducci\u00f3n, viajera, so\u00f1adora y adicta a la comida sana.<\/p>\n<p>&nbsp;<\/p>\n<p>&nbsp;<\/p>\n<p><a href=\"https:\/\/blog.spanishcourseinspain.com\/wp-content\/uploads\/2017\/05\/maria3.jpg\"><img loading=\"lazy\" decoding=\"async\" class=\"size-full wp-image-341 alignleft\" src=\"https:\/\/blog.spanishcourseinspain.com\/wp-content\/uploads\/2017\/05\/maria3.jpg\" alt=\"\" width=\"150\" height=\"150\" \/><\/a><\/p>\n<p><strong>Maria Lepetiukhina, Rusia<br \/>\n<\/strong><\/p>\n<p>Periodista y amante de lenguas extranjeras.<\/p>\n<p>&nbsp;<\/p>\n<p>&nbsp;<\/p>\n<p><a href=\"https:\/\/blog.spanishcourseinspain.com\/wp-content\/uploads\/2017\/04\/monika.jpg\"><img loading=\"lazy\" decoding=\"async\" class=\"size-full wp-image-366 alignleft\" src=\"https:\/\/blog.spanishcourseinspain.com\/wp-content\/uploads\/2017\/04\/monika.jpg\" alt=\"\" width=\"150\" height=\"150\" \/><\/a><\/p>\n<p><strong>Monika Przysiecka, Polonia<br \/>\n<\/strong><\/p>\n<p>Polaca de nacimiento y granadina de coraz\u00f3n, guia oficial de turismo de Andaluc\u00eda. Especialista en espa\u00f1ol, cultura y ferias.<\/p>\n<p>&nbsp;<\/p>\n<p><a href=\"https:\/\/blog.spanishcourseinspain.com\/wp-content\/uploads\/2017\/04\/julie.jpg\"><img loading=\"lazy\" decoding=\"async\" class=\"size-full wp-image-370 alignleft\" src=\"https:\/\/blog.spanishcourseinspain.com\/wp-content\/uploads\/2017\/04\/julie.jpg\" alt=\"\" width=\"150\" height=\"150\" \/><\/a><\/p>\n<p><strong>Julie Perdrieux, Francia<br \/>\n<\/strong><\/p>\n<p>La eterna erasmus, en b\u00fasqueda de nuevos destinos y avernturas. Especialista en lenguas modernas aplicadas al mundo de negocio.<\/p>\n<p>&nbsp;<\/p>\n","protected":false},"excerpt":{"rendered":"<p>Te presentamos a nuestro equipo que crea el blog de Dencanto Community e intenta hacerlo interesante y \u00fatil para t\u00ed. Venimos de diferentes paises y culturas pero hay algo que nos une: la pasi\u00f3n por espa\u00f1ol y Espa\u00f1a. Karolina Kowalzcyk, Polonia Bloguera y ninja de redes sociales, amante de deportes y aventuras. Cas\u00ed 60 paises [&hellip;]<\/p>\n","protected":false},"author":4,"featured_media":0,"parent":0,"menu_order":0,"comment_status":"closed","ping_status":"closed","template":"","meta":{"_et_pb_use_builder":"","_et_pb_old_content":"","_et_gb_content_width":"","_joinchat":[],"footnotes":""},"class_list":["post-469","page","type-page","status-publish","hentry"],"translation":{"provider":"WPGlobus","version":"3.0.2","language":"pl","enabled_languages":["es","en","it","pl"],"languages":{"es":{"title":true,"content":true,"excerpt":false},"en":{"title":false,"content":false,"excerpt":false},"it":{"title":false,"content":false,"excerpt":false},"pl":{"title":false,"content":false,"excerpt":false}}},"yoast_head":"<!-- This site is optimized with the Yoast SEO plugin v27.3 - https:\/\/yoast.com\/product\/yoast-seo-wordpress\/ -->\n<title>Autorzy - Dencanto Community<\/title>\n<meta name=\"robots\" content=\"index, follow, max-snippet:-1, max-image-preview:large, max-video-preview:-1\" \/>\n<link rel=\"canonical\" href=\"https:\/\/blog.spanishcourseinspain.com\/pl\/about\/\" \/>\n<meta property=\"og:locale\" content=\"pl_PL\" \/>\n<meta property=\"og:type\" content=\"article\" \/>\n<meta property=\"og:title\" content=\"Autorzy - Dencanto Community\" \/>\n<meta property=\"og:url\" content=\"https:\/\/blog.spanishcourseinspain.com\/pl\/about\/\" \/>\n<meta property=\"og:site_name\" content=\"Dencanto Community\" \/>\n<meta property=\"article:modified_time\" content=\"2019-07-29T09:20:26+00:00\" \/>\n<meta property=\"og:image\" content=\"https:\/\/blog.spanishcourseinspain.com\/wp-content\/uploads\/2017\/05\/karolina-1.jpg\" \/>\n<meta name=\"twitter:label1\" content=\"Szacowany czas czytania\" \/>\n\t<meta name=\"twitter:data1\" content=\"1 minuta\" \/>\n<script type=\"application\/ld+json\" class=\"yoast-schema-graph\">{\"@context\":\"https:\\\/\\\/schema.org\",\"@graph\":[{\"@type\":\"WebPage\",\"@id\":\"https:\\\/\\\/blog.spanishcourseinspain.com\\\/pl\\\/about\\\/\",\"url\":\"https:\\\/\\\/blog.spanishcourseinspain.com\\\/pl\\\/about\\\/\",\"name\":\"Autorzy - Dencanto Community\",\"isPartOf\":{\"@id\":\"https:\\\/\\\/blog.spanishcourseinspain.com\\\/en\\\/#website\"},\"primaryImageOfPage\":{\"@id\":\"https:\\\/\\\/blog.spanishcourseinspain.com\\\/pl\\\/about\\\/#primaryimage\"},\"image\":{\"@id\":\"https:\\\/\\\/blog.spanishcourseinspain.com\\\/pl\\\/about\\\/#primaryimage\"},\"thumbnailUrl\":\"https:\\\/\\\/blog.spanishcourseinspain.com\\\/wp-content\\\/uploads\\\/2017\\\/05\\\/karolina-1.jpg\",\"datePublished\":\"2017-04-07T16:58:57+00:00\",\"dateModified\":\"2019-07-29T09:20:26+00:00\",\"breadcrumb\":{\"@id\":\"https:\\\/\\\/blog.spanishcourseinspain.com\\\/pl\\\/about\\\/#breadcrumb\"},\"inLanguage\":\"pl-PL\",\"potentialAction\":[{\"@type\":\"ReadAction\",\"target\":[\"https:\\\/\\\/blog.spanishcourseinspain.com\\\/pl\\\/about\\\/\"]}]},{\"@type\":\"ImageObject\",\"inLanguage\":\"pl-PL\",\"@id\":\"https:\\\/\\\/blog.spanishcourseinspain.com\\\/pl\\\/about\\\/#primaryimage\",\"url\":\"https:\\\/\\\/blog.spanishcourseinspain.com\\\/wp-content\\\/uploads\\\/2017\\\/05\\\/karolina-1.jpg\",\"contentUrl\":\"https:\\\/\\\/blog.spanishcourseinspain.com\\\/wp-content\\\/uploads\\\/2017\\\/05\\\/karolina-1.jpg\"},{\"@type\":\"BreadcrumbList\",\"@id\":\"https:\\\/\\\/blog.spanishcourseinspain.com\\\/pl\\\/about\\\/#breadcrumb\",\"itemListElement\":[{\"@type\":\"ListItem\",\"position\":1,\"name\":\"Portada\",\"item\":\"https:\\\/\\\/blog.spanishcourseinspain.com\\\/pl\\\/\"},{\"@type\":\"ListItem\",\"position\":2,\"name\":\"Autorzy\"}]},{\"@type\":\"WebSite\",\"@id\":\"https:\\\/\\\/blog.spanishcourseinspain.com\\\/en\\\/#website\",\"url\":\"https:\\\/\\\/blog.spanishcourseinspain.com\\\/en\\\/\",\"name\":\"Dencanto Community\",\"description\":\"Lo mejor contenido sobre espa\u00f1ol y Espa\u00f1a en el Blog de Dencanto Community\",\"publisher\":{\"@id\":\"https:\\\/\\\/blog.spanishcourseinspain.com\\\/en\\\/#organization\"},\"potentialAction\":[{\"@type\":\"SearchAction\",\"target\":{\"@type\":\"EntryPoint\",\"urlTemplate\":\"https:\\\/\\\/blog.spanishcourseinspain.com\\\/en\\\/?s={search_term_string}\"},\"query-input\":{\"@type\":\"PropertyValueSpecification\",\"valueRequired\":true,\"valueName\":\"search_term_string\"}}],\"inLanguage\":\"pl-PL\"},{\"@type\":\"Organization\",\"@id\":\"https:\\\/\\\/blog.spanishcourseinspain.com\\\/en\\\/#organization\",\"name\":\"Dencanto Community\",\"url\":\"https:\\\/\\\/blog.spanishcourseinspain.com\\\/en\\\/\",\"logo\":{\"@type\":\"ImageObject\",\"inLanguage\":\"pl-PL\",\"@id\":\"https:\\\/\\\/blog.spanishcourseinspain.com\\\/en\\\/#\\\/schema\\\/logo\\\/image\\\/\",\"url\":\"https:\\\/\\\/blog.spanishcourseinspain.com\\\/wp-content\\\/uploads\\\/2023\\\/11\\\/dencanto-logo.png\",\"contentUrl\":\"https:\\\/\\\/blog.spanishcourseinspain.com\\\/wp-content\\\/uploads\\\/2023\\\/11\\\/dencanto-logo.png\",\"width\":780,\"height\":528,\"caption\":\"Dencanto Community\"},\"image\":{\"@id\":\"https:\\\/\\\/blog.spanishcourseinspain.com\\\/en\\\/#\\\/schema\\\/logo\\\/image\\\/\"}}]}<\/script>\n<!-- \/ Yoast SEO plugin. -->","yoast_head_json":{"title":"Autorzy - Dencanto Community","robots":{"index":"index","follow":"follow","max-snippet":"max-snippet:-1","max-image-preview":"max-image-preview:large","max-video-preview":"max-video-preview:-1"},"canonical":"https:\/\/blog.spanishcourseinspain.com\/pl\/about\/","og_locale":"pl_PL","og_type":"article","og_title":"Autorzy - Dencanto Community","og_url":"https:\/\/blog.spanishcourseinspain.com\/pl\/about\/","og_site_name":"Dencanto Community","article_modified_time":"2019-07-29T09:20:26+00:00","og_image":[{"url":"https:\/\/blog.spanishcourseinspain.com\/wp-content\/uploads\/2017\/05\/karolina-1.jpg","type":"","width":"","height":""}],"twitter_misc":{"Szacowany czas czytania":"1 minuta"},"schema":{"@context":"https:\/\/schema.org","@graph":[{"@type":"WebPage","@id":"https:\/\/blog.spanishcourseinspain.com\/pl\/about\/","url":"https:\/\/blog.spanishcourseinspain.com\/pl\/about\/","name":"Autorzy - Dencanto Community","isPartOf":{"@id":"https:\/\/blog.spanishcourseinspain.com\/en\/#website"},"primaryImageOfPage":{"@id":"https:\/\/blog.spanishcourseinspain.com\/pl\/about\/#primaryimage"},"image":{"@id":"https:\/\/blog.spanishcourseinspain.com\/pl\/about\/#primaryimage"},"thumbnailUrl":"https:\/\/blog.spanishcourseinspain.com\/wp-content\/uploads\/2017\/05\/karolina-1.jpg","datePublished":"2017-04-07T16:58:57+00:00","dateModified":"2019-07-29T09:20:26+00:00","breadcrumb":{"@id":"https:\/\/blog.spanishcourseinspain.com\/pl\/about\/#breadcrumb"},"inLanguage":"pl-PL","potentialAction":[{"@type":"ReadAction","target":["https:\/\/blog.spanishcourseinspain.com\/pl\/about\/"]}]},{"@type":"ImageObject","inLanguage":"pl-PL","@id":"https:\/\/blog.spanishcourseinspain.com\/pl\/about\/#primaryimage","url":"https:\/\/blog.spanishcourseinspain.com\/wp-content\/uploads\/2017\/05\/karolina-1.jpg","contentUrl":"https:\/\/blog.spanishcourseinspain.com\/wp-content\/uploads\/2017\/05\/karolina-1.jpg"},{"@type":"BreadcrumbList","@id":"https:\/\/blog.spanishcourseinspain.com\/pl\/about\/#breadcrumb","itemListElement":[{"@type":"ListItem","position":1,"name":"Portada","item":"https:\/\/blog.spanishcourseinspain.com\/pl\/"},{"@type":"ListItem","position":2,"name":"Autorzy"}]},{"@type":"WebSite","@id":"https:\/\/blog.spanishcourseinspain.com\/en\/#website","url":"https:\/\/blog.spanishcourseinspain.com\/en\/","name":"Dencanto Community","description":"Lo mejor contenido sobre espa\u00f1ol y Espa\u00f1a en el Blog de Dencanto Community","publisher":{"@id":"https:\/\/blog.spanishcourseinspain.com\/en\/#organization"},"potentialAction":[{"@type":"SearchAction","target":{"@type":"EntryPoint","urlTemplate":"https:\/\/blog.spanishcourseinspain.com\/en\/?s={search_term_string}"},"query-input":{"@type":"PropertyValueSpecification","valueRequired":true,"valueName":"search_term_string"}}],"inLanguage":"pl-PL"},{"@type":"Organization","@id":"https:\/\/blog.spanishcourseinspain.com\/en\/#organization","name":"Dencanto Community","url":"https:\/\/blog.spanishcourseinspain.com\/en\/","logo":{"@type":"ImageObject","inLanguage":"pl-PL","@id":"https:\/\/blog.spanishcourseinspain.com\/en\/#\/schema\/logo\/image\/","url":"https:\/\/blog.spanishcourseinspain.com\/wp-content\/uploads\/2023\/11\/dencanto-logo.png","contentUrl":"https:\/\/blog.spanishcourseinspain.com\/wp-content\/uploads\/2023\/11\/dencanto-logo.png","width":780,"height":528,"caption":"Dencanto Community"},"image":{"@id":"https:\/\/blog.spanishcourseinspain.com\/en\/#\/schema\/logo\/image\/"}}]}},"jetpack_sharing_enabled":true,"_links":{"self":[{"href":"https:\/\/blog.spanishcourseinspain.com\/pl\/wp-json\/wp\/v2\/pages\/469","targetHints":{"allow":["GET"]}}],"collection":[{"href":"https:\/\/blog.spanishcourseinspain.com\/pl\/wp-json\/wp\/v2\/pages"}],"about":[{"href":"https:\/\/blog.spanishcourseinspain.com\/pl\/wp-json\/wp\/v2\/types\/page"}],"author":[{"embeddable":true,"href":"https:\/\/blog.spanishcourseinspain.com\/pl\/wp-json\/wp\/v2\/users\/4"}],"replies":[{"embeddable":true,"href":"https:\/\/blog.spanishcourseinspain.com\/pl\/wp-json\/wp\/v2\/comments?post=469"}],"version-history":[{"count":2,"href":"https:\/\/blog.spanishcourseinspain.com\/pl\/wp-json\/wp\/v2\/pages\/469\/revisions"}],"predecessor-version":[{"id":2665,"href":"https:\/\/blog.spanishcourseinspain.com\/pl\/wp-json\/wp\/v2\/pages\/469\/revisions\/2665"}],"wp:attachment":[{"href":"https:\/\/blog.spanishcourseinspain.com\/pl\/wp-json\/wp\/v2\/media?parent=469"}],"curies":[{"name":"wp","href":"https:\/\/api.w.org\/{rel}","templated":true}]}}